{"id":4610,"date":"2022-06-30T09:52:10","date_gmt":"2022-06-30T09:52:10","guid":{"rendered":"http:\/\/demo.ovathemes.com\/retirio\/?page_id=4610"},"modified":"2023-10-25T17:32:22","modified_gmt":"2023-10-25T14:32:22","slug":"our-projects","status":"publish","type":"page","link":"https:\/\/aydemirgroup.com.tr\/ru\/our-projects\/","title":{"rendered":"\u041d\u0430\u0448\u0438 \u043f\u0440\u043e\u0435\u043a\u0442\u044b"},"content":{"rendered":"<div data-elementor-type=\"wp-page\" data-elementor-id=\"4610\" class=\"elementor elementor-4610\" data-elementor-post-type=\"page\">\n\t\t\t\t\t\t\t\t\t<section class=\"elementor-section elementor-top-section elementor-element elementor-element-f600624 elementor-section-boxed elementor-section-height-default elementor-section-height-default\" data-id=\"f600624\" data-element_type=\"section\">\n\t\t\t\t\t\t<div class=\"elementor-container elementor-column-gap-no\">\n\t\t\t\t\t<div class=\"elementor-column elementor-col-100 elementor-top-column elementor-element elementor-element-67237bd\" data-id=\"67237bd\" data-element_type=\"column\">\n\t\t\t<div class=\"elementor-widget-wrap elementor-element-populated\">\n\t\t\t\t\t\t\t\t<div class=\"elementor-element elementor-element-145e250 elementor-widget elementor-widget-retirio_elementor_heading\" data-id=\"145e250\" data-element_type=\"widget\" data-widget_type=\"retirio_elementor_heading.default\">\n\t\t\t\t<div class=\"elementor-widget-container\">\n\t\t\t\n\t\t<div class=\"ova-title\">\n\n\t\t\t\t\t\t\t<h3 class=\"sub-title\"> \u041f\u0440\u0435\u0434\u0441\u0442\u0430\u0432\u043b\u044f\u0435\u043c \u0432\u044b\u0434\u0430\u044e\u0449\u0438\u0435\u0441\u044f \u043f\u0440\u043e\u0435\u043a\u0442\u044b<\/h3>\n\t\t\t\n\t\t\t\t\t\t\t\t\t\t\t\t\t\t<h2 class=\"title translation-block\">\u041d\u0430\u0448\u0438 \u043f\u0440\u043e\u0435\u043a\u0442\u044b<\/h2>\n\t\t\t\t\t\t\t\n\t\t\t\t\t\t\t<p class=\"description\"> \u041f\u0440\u043e\u0435\u043a\u0442\u044b Aydemir Group. \u041c\u044b \u043f\u0440\u043e\u0434\u043e\u043b\u0436\u0430\u0435\u043c \u0441\u0432\u043e\u0439 \u043f\u0443\u0442\u044c, \u0441\u043e\u0437\u0434\u0430\u0432\u0430\u044f \u0441\u043e\u0432\u0440\u0435\u043c\u0435\u043d\u043d\u044b\u0435, \u043e\u0442\u0432\u0435\u0447\u0430\u044e\u0449\u0438\u0435 \u0432\u044b\u0441\u043e\u043a\u0438\u043c \u0441\u0442\u0430\u043d\u0434\u0430\u0440\u0442\u0430\u043c \u0437\u0434\u0440\u0430\u0432\u043e\u043e\u0445\u0440\u0430\u043d\u0435\u043d\u0438\u044f \u0438 \u043f\u0440\u043e\u0447\u043d\u044b\u0435 \u0441\u0442\u0440\u0443\u043a\u0442\u0443\u0440\u044b \u0431\u0443\u0434\u0443\u0449\u0435\u0433\u043e. <\/p>\n\t\t\t\n\t\t<\/div> \n\t\t\t\t<\/div>\n\t\t\t\t<\/div>\n\t\t\t\t\t<\/div>\n\t\t<\/div>\n\t\t\t\t\t\t\t<\/div>\n\t\t<\/section>\n\t\t\t\t<section class=\"elementor-section elementor-top-section elementor-element elementor-element-21d689b elementor-section-boxed elementor-section-height-default elementor-section-height-default\" data-id=\"21d689b\" data-element_type=\"section\">\n\t\t\t\t\t\t<div class=\"elementor-container elementor-column-gap-default\">\n\t\t\t\t\t<div class=\"elementor-column elementor-col-100 elementor-top-column elementor-element elementor-element-593967a\" data-id=\"593967a\" data-element_type=\"column\">\n\t\t\t<div class=\"elementor-widget-wrap\">\n\t\t\t\t\t\t\t\t\t<\/div>\n\t\t<\/div>\n\t\t\t\t\t\t\t<\/div>\n\t\t<\/section>\n\t\t\t\t<section class=\"elementor-section elementor-top-section elementor-element elementor-element-be63e2f elementor-section-boxed elementor-section-height-default elementor-section-height-default\" data-id=\"be63e2f\" data-element_type=\"section\">\n\t\t\t\t\t\t<div class=\"elementor-container elementor-column-gap-default\">\n\t\t\t\t\t<div class=\"elementor-column elementor-col-100 elementor-top-column elementor-element elementor-element-661e1fb\" data-id=\"661e1fb\" data-element_type=\"column\">\n\t\t\t<div class=\"elementor-widget-wrap elementor-element-populated\">\n\t\t\t\t\t\t\t\t<div class=\"elementor-element elementor-element-ecc71aa elementor-widget elementor-widget-ova_elementor_project_filter\" data-id=\"ecc71aa\" data-element_type=\"widget\" data-widget_type=\"ova_elementor_project_filter.default\">\n\t\t\t\t<div class=\"elementor-widget-container\">\n\t\t\t\n\n<div class=\"ova-project project-filter\">\n\n    \n\n                        <ul class=\"project-filter-button-wrapper\">\n\n                <li class=\"project-filter-button active-category\" data-filter=\"*\">\n                    All                <\/li>\n\n                                <li class=\"project-filter-button\" data-slug=\".alanya-center\">\n                    \u0410\u043b\u0430\u043d\u0438\u044f \u0446\u0435\u043d\u0442\u0440                <\/li>\n                   \n                                <li class=\"project-filter-button\" data-slug=\".gazipasa\">\n                    \u0413\u0430\u0437\u0438\u043f\u0430\u0448\u0430                <\/li>\n                   \n                                <li class=\"project-filter-button\" data-slug=\".kestel\">\n                    \u041a\u0435\u0441\u0442\u0435\u043b\u044c                <\/li>\n                   \n                                <li class=\"project-filter-button\" data-slug=\".mahmutlar\">\n                    \u041c\u0430\u0445\u043c\u0443\u0442\u043b\u0430\u0440                <\/li>\n                   \n                                <li class=\"project-filter-button\" data-slug=\".okurcalar\">\n                    Okurcalar                <\/li>\n                   \n                \n            <\/ul>\n         \n        <div class=\"content-pro grid-project three_column\">\n\n            \n                \t\t\n<div class=\"ovapro-item item-project-6 okurcalar\">\n\n\t<div class=\"img-project\">\n\t\t\n\t\t<!-- Image -->\n\t\t\t    <a href=\"https:\/\/aydemirgroup.com.tr\/ru\/project\/avalon-garden\/\" >\n\t    \t\n\t    \t<img decoding=\"async\" src=\"https:\/\/aydemirgroup.com.tr\/wp-content\/uploads\/2023\/06\/Avalon-Garden-Drone-390x473.webp\" class=\"img-responsive project-img\" alt=\"Avalon Garden\">\n\t    \t\t<\/a>\n\t\t\t\n\n\t<\/div>\n\n\t<!-- Info -->\n\t<div class=\"info\">\n\n\t\t<!-- Category -->\n\t\t\t\t\t<div class=\"project-category\">\n\t\t\t\t<a href=\"https:\/\/aydemirgroup.com.tr\/ru\/category_project\/okurcalar\/\" title=\"Okurcalar\">Okurcalar<\/a>\t\n\t\t\t<\/div>\n\t\t\n\t\t<h3 class=\"name\">\n\t\t\t\t\t    \t<a href=\"https:\/\/aydemirgroup.com.tr\/ru\/project\/avalon-garden\/\" >\n\t\t    \t\n\t\t    \n\t\t\t\tAvalon Garden\n\t\t\t\t\t\t\t<\/a>\n\t\t\t\t\n\t\t<\/h3>\n\n\t<\/div>\n\t\n<\/div>                    \n            \n                \t\t\n<div class=\"ovapro-item item-project-6 gazipasa\">\n\n\t<div class=\"img-project\">\n\t\t\n\t\t<!-- Image -->\n\t\t\t    <a href=\"https:\/\/aydemirgroup.com.tr\/ru\/project\/ipek-selinti\/\" >\n\t    \t\n\t    \t<img decoding=\"async\" src=\"https:\/\/aydemirgroup.com.tr\/wp-content\/uploads\/2022\/12\/2-1-390x473.jpg\" class=\"img-responsive project-img\" alt=\"\u0130pek Selinti\">\n\t    \t\t<\/a>\n\t\t\t\n\n\t<\/div>\n\n\t<!-- Info -->\n\t<div class=\"info\">\n\n\t\t<!-- Category -->\n\t\t\t\t\t<div class=\"project-category\">\n\t\t\t\t<a href=\"https:\/\/aydemirgroup.com.tr\/ru\/category_project\/gazipasa\/\" title=\"\u0413\u0430\u0437\u0438\u043f\u0430\u0448\u0430\">\u0413\u0430\u0437\u0438\u043f\u0430\u0448\u0430<\/a>\t\n\t\t\t<\/div>\n\t\t\n\t\t<h3 class=\"name\">\n\t\t\t\t\t    \t<a href=\"https:\/\/aydemirgroup.com.tr\/ru\/project\/ipek-selinti\/\" >\n\t\t    \t\n\t\t    \n\t\t\t\t\u0130pek Selinti\n\t\t\t\t\t\t\t<\/a>\n\t\t\t\t\n\t\t<\/h3>\n\n\t<\/div>\n\t\n<\/div>                    \n            \n                \t\t\n<div class=\"ovapro-item item-project-6 alanya-center\">\n\n\t<div class=\"img-project\">\n\t\t\n\t\t<!-- Image -->\n\t\t\t    <a href=\"https:\/\/aydemirgroup.com.tr\/ru\/project\/hacet-antik\/\" >\n\t    \t\n\t    \t<img decoding=\"async\" src=\"https:\/\/aydemirgroup.com.tr\/wp-content\/uploads\/2022\/10\/Hacet-Atik-Drone-390x473.jpg\" class=\"img-responsive project-img\" alt=\"Hacet Antik\">\n\t    \t\t<\/a>\n\t\t\t\n\n\t<\/div>\n\n\t<!-- Info -->\n\t<div class=\"info\">\n\n\t\t<!-- Category -->\n\t\t\t\t\t<div class=\"project-category\">\n\t\t\t\t<a href=\"https:\/\/aydemirgroup.com.tr\/ru\/category_project\/alanya-center\/\" title=\"\u0410\u043b\u0430\u043d\u0438\u044f \u0446\u0435\u043d\u0442\u0440\">\u0410\u043b\u0430\u043d\u0438\u044f \u0446\u0435\u043d\u0442\u0440<\/a>\t\n\t\t\t<\/div>\n\t\t\n\t\t<h3 class=\"name\">\n\t\t\t\t\t    \t<a href=\"https:\/\/aydemirgroup.com.tr\/ru\/project\/hacet-antik\/\" >\n\t\t    \t\n\t\t    \n\t\t\t\tHacet Antik,\n\t\t\t\t\t\t\t<\/a>\n\t\t\t\t\n\t\t<\/h3>\n\n\t<\/div>\n\t\n<\/div>                    \n            \n                \t\t\n<div class=\"ovapro-item item-project-6 mahmutlar\">\n\n\t<div class=\"img-project\">\n\t\t\n\t\t<!-- Image -->\n\t\t\t    <a href=\"https:\/\/aydemirgroup.com.tr\/ru\/project\/novus-sky\/\" >\n\t    \t\n\t    \t<img decoding=\"async\" src=\"https:\/\/aydemirgroup.com.tr\/wp-content\/uploads\/2022\/06\/Alanya-Castle-View-390x473.jpg\" class=\"img-responsive project-img\" alt=\"Novus Sky\">\n\t    \t\t<\/a>\n\t\t\t\n\n\t<\/div>\n\n\t<!-- Info -->\n\t<div class=\"info\">\n\n\t\t<!-- Category -->\n\t\t\t\t\t<div class=\"project-category\">\n\t\t\t\t<a href=\"https:\/\/aydemirgroup.com.tr\/ru\/category_project\/mahmutlar\/\" title=\"\u041c\u0430\u0445\u043c\u0443\u0442\u043b\u0430\u0440\">\u041c\u0430\u0445\u043c\u0443\u0442\u043b\u0430\u0440<\/a>\t\n\t\t\t<\/div>\n\t\t\n\t\t<h3 class=\"name\">\n\t\t\t\t\t    \t<a href=\"https:\/\/aydemirgroup.com.tr\/ru\/project\/novus-sky\/\" >\n\t\t    \t\n\t\t    \n\t\t\t\tNovus Sky\n\t\t\t\t\t\t\t<\/a>\n\t\t\t\t\n\t\t<\/h3>\n\n\t<\/div>\n\t\n<\/div>                    \n            \n                \t\t\n<div class=\"ovapro-item item-project-6 mahmutlar\">\n\n\t<div class=\"img-project\">\n\t\t\n\t\t<!-- Image -->\n\t\t\t    <a href=\"https:\/\/aydemirgroup.com.tr\/ru\/project\/aydemir-park-mahmutlar-1\/\" >\n\t    \t\n\t    \t<img decoding=\"async\" src=\"https:\/\/aydemirgroup.com.tr\/wp-content\/uploads\/2022\/06\/aypm1-390x473.jpg\" class=\"img-responsive project-img\" alt=\"Aydemir Park Mahmutlar I\">\n\t    \t\t<\/a>\n\t\t\t\n\n\t<\/div>\n\n\t<!-- Info -->\n\t<div class=\"info\">\n\n\t\t<!-- Category -->\n\t\t\t\t\t<div class=\"project-category\">\n\t\t\t\t<a href=\"https:\/\/aydemirgroup.com.tr\/ru\/category_project\/mahmutlar\/\" title=\"\u041c\u0430\u0445\u043c\u0443\u0442\u043b\u0430\u0440\">\u041c\u0430\u0445\u043c\u0443\u0442\u043b\u0430\u0440<\/a>\t\n\t\t\t<\/div>\n\t\t\n\t\t<h3 class=\"name\">\n\t\t\t\t\t    \t<a href=\"https:\/\/aydemirgroup.com.tr\/ru\/project\/aydemir-park-mahmutlar-1\/\" >\n\t\t    \t\n\t\t    \n\t\t\t\tAydemir Park Mahmutlar I\n\t\t\t\t\t\t\t<\/a>\n\t\t\t\t\n\t\t<\/h3>\n\n\t<\/div>\n\t\n<\/div>                    \n            \n                \t\t\n<div class=\"ovapro-item item-project-6 mahmutlar\">\n\n\t<div class=\"img-project\">\n\t\t\n\t\t<!-- Image -->\n\t\t\t    <a href=\"https:\/\/aydemirgroup.com.tr\/ru\/project\/aydemir-park-mahmutlar-2\/\" >\n\t    \t\n\t    \t<img decoding=\"async\" src=\"https:\/\/aydemirgroup.com.tr\/wp-content\/uploads\/2022\/06\/aypm2-390x473.jpg\" class=\"img-responsive project-img\" alt=\"Aydemir Park Mahmutlar II\">\n\t    \t\t<\/a>\n\t\t\t\n\n\t<\/div>\n\n\t<!-- Info -->\n\t<div class=\"info\">\n\n\t\t<!-- Category -->\n\t\t\t\t\t<div class=\"project-category\">\n\t\t\t\t<a href=\"https:\/\/aydemirgroup.com.tr\/ru\/category_project\/mahmutlar\/\" title=\"\u041c\u0430\u0445\u043c\u0443\u0442\u043b\u0430\u0440\">\u041c\u0430\u0445\u043c\u0443\u0442\u043b\u0430\u0440<\/a>\t\n\t\t\t<\/div>\n\t\t\n\t\t<h3 class=\"name\">\n\t\t\t\t\t    \t<a href=\"https:\/\/aydemirgroup.com.tr\/ru\/project\/aydemir-park-mahmutlar-2\/\" >\n\t\t    \t\n\t\t    \n\t\t\t\tAydemir Park Mahmutlar II\n\t\t\t\t\t\t\t<\/a>\n\t\t\t\t\n\t\t<\/h3>\n\n\t<\/div>\n\t\n<\/div>                    \n            \n                \t\t\n<div class=\"ovapro-item item-project-6 alanya-center\">\n\n\t<div class=\"img-project\">\n\t\t\n\t\t<!-- Image -->\n\t\t\t    <a href=\"https:\/\/aydemirgroup.com.tr\/ru\/project\/aydemir-park-hasbahce\/\" >\n\t    \t\n\t    \t<img decoding=\"async\" src=\"https:\/\/aydemirgroup.com.tr\/wp-content\/uploads\/revslider\/video-media\/hasbahce_7-390x473.jpeg\" class=\"img-responsive project-img\" alt=\"Aydemir Park Hasbah\u00e7e\">\n\t    \t\t<\/a>\n\t\t\t\n\n\t<\/div>\n\n\t<!-- Info -->\n\t<div class=\"info\">\n\n\t\t<!-- Category -->\n\t\t\t\t\t<div class=\"project-category\">\n\t\t\t\t<a href=\"https:\/\/aydemirgroup.com.tr\/ru\/category_project\/alanya-center\/\" title=\"\u0410\u043b\u0430\u043d\u0438\u044f \u0446\u0435\u043d\u0442\u0440\">\u0410\u043b\u0430\u043d\u0438\u044f \u0446\u0435\u043d\u0442\u0440<\/a>\t\n\t\t\t<\/div>\n\t\t\n\t\t<h3 class=\"name\">\n\t\t\t\t\t    \t<a href=\"https:\/\/aydemirgroup.com.tr\/ru\/project\/aydemir-park-hasbahce\/\" >\n\t\t    \t\n\t\t    \n\t\t\t\tAydemir Park Hasbah\u00e7e\n\t\t\t\t\t\t\t<\/a>\n\t\t\t\t\n\t\t<\/h3>\n\n\t<\/div>\n\t\n<\/div>                    \n            \n                \t\t\n<div class=\"ovapro-item item-project-6 kestel\">\n\n\t<div class=\"img-project\">\n\t\t\n\t\t<!-- Image -->\n\t\t\t    <a href=\"https:\/\/aydemirgroup.com.tr\/ru\/project\/aydemir-park-kestel\/\" >\n\t    \t\n\t    \t<img decoding=\"async\" src=\"https:\/\/aydemirgroup.com.tr\/wp-content\/uploads\/2022\/08\/Aydemir-Park-Kestel-390x473.jpg\" class=\"img-responsive project-img\" alt=\"Aydemir Park Kestel\">\n\t    \t\t<\/a>\n\t\t\t\n\n\t<\/div>\n\n\t<!-- Info -->\n\t<div class=\"info\">\n\n\t\t<!-- Category -->\n\t\t\t\t\t<div class=\"project-category\">\n\t\t\t\t<a href=\"https:\/\/aydemirgroup.com.tr\/ru\/category_project\/kestel\/\" title=\"\u041a\u0435\u0441\u0442\u0435\u043b\u044c\">\u041a\u0435\u0441\u0442\u0435\u043b\u044c<\/a>\t\n\t\t\t<\/div>\n\t\t\n\t\t<h3 class=\"name\">\n\t\t\t\t\t    \t<a href=\"https:\/\/aydemirgroup.com.tr\/ru\/project\/aydemir-park-kestel\/\" >\n\t\t    \t\n\t\t    \n\t\t\t\tAydemir Park Kestel\n\t\t\t\t\t\t\t<\/a>\n\t\t\t\t\n\t\t<\/h3>\n\n\t<\/div>\n\t\n<\/div>                    \n                        \n        <\/div>\n    \n    <div class=\"ova-nodata\">\n        <h4>no data<\/h4>\n    <\/div>\n<\/div>\t\t<\/div>\n\t\t\t\t<\/div>\n\t\t\t\t\t<\/div>\n\t\t<\/div>\n\t\t\t\t\t\t\t<\/div>\n\t\t<\/section>\n\t\t\t\t\t\t\t<\/div>","protected":false},"excerpt":{"rendered":"<p>Introducing outstanding projects OUR PROJECTS Aydemir Group Projects, We continue on our way by constructing modern, high-health standards and solid structures of the future. All Alanya Center Gazipa\u015fa Kestel Mahmutlar Okurcalar Okurcalar Avalon Garden Gazipa\u015fa \u0130pek Selinti Alanya Center Hacet Antik Mahmutlar Novus Sky Mahmutlar Aydemir Park Mahmutlar I Mahmutlar Aydemir Park Mahmutlar II Alanya [&hellip;]<\/p>","protected":false},"author":1,"featured_media":4754,"parent":0,"menu_order":0,"comment_status":"closed","ping_status":"closed","template":"elementor_header_footer","meta":{"footnotes":""},"yoast_head":"<!-- This site is optimized with the Yoast SEO Premium plugin v21.4 (Yoast SEO v21.4) - https:\/\/yoast.com\/wordpress\/plugins\/seo\/ -->\n<title>Aydemir Group I Construction &amp; Real Estate I Our Projects<\/title>\n<meta name=\"description\" content=\"Aydemir Group Projects, We continue on our way by constructing modern, high-health standards and solid structures of the future.\" \/>\n<meta name=\"robots\" content=\"index, follow, max-snippet:-1, max-image-preview:large, max-video-preview:-1\" \/>\n<link rel=\"canonical\" href=\"https:\/\/aydemirgroup.com.tr\/ru\/our-projects\/\" \/>\n<meta property=\"og:locale\" content=\"ru_RU\" \/>\n<meta property=\"og:type\" content=\"article\" \/>\n<meta property=\"og:title\" content=\"Our Projects\" \/>\n<meta property=\"og:description\" content=\"Aydemir Group Projects, We continue on our way by constructing modern, high-health standards and solid structures of the future.\" \/>\n<meta property=\"og:url\" content=\"https:\/\/aydemirgroup.com.tr\/ru\/our-projects\/\" \/>\n<meta property=\"og:site_name\" content=\"Aydemir Group I Construction &amp; Real Estate\" \/>\n<meta property=\"article:publisher\" content=\"https:\/\/www.facebook.com\/groupaydemir\" \/>\n<meta property=\"article:modified_time\" content=\"2023-10-25T14:32:22+00:00\" \/>\n<meta property=\"og:image\" content=\"https:\/\/aydemirgroup.com.tr\/wp-content\/uploads\/2022\/08\/Aydemir-Group-Logo.jpg\" \/>\n\t<meta property=\"og:image:width\" content=\"1080\" \/>\n\t<meta property=\"og:image:height\" content=\"1080\" \/>\n\t<meta property=\"og:image:type\" content=\"image\/jpeg\" \/>\n<meta name=\"twitter:card\" content=\"summary_large_image\" \/>\n<meta name=\"twitter:site\" content=\"@groupaydemir\" \/>\n<meta name=\"twitter:label1\" content=\"\u041f\u0440\u0438\u043c\u0435\u0440\u043d\u043e\u0435 \u0432\u0440\u0435\u043c\u044f \u0434\u043b\u044f \u0447\u0442\u0435\u043d\u0438\u044f\" \/>\n\t<meta name=\"twitter:data1\" content=\"2 \u043c\u0438\u043d\u0443\u0442\u044b\" \/>\n<script type=\"application\/ld+json\" class=\"yoast-schema-graph\">{\"@context\":\"https:\/\/schema.org\",\"@graph\":[{\"@type\":\"WebPage\",\"@id\":\"https:\/\/aydemirgroup.com.tr\/our-projects\/\",\"url\":\"https:\/\/aydemirgroup.com.tr\/our-projects\/\",\"name\":\"Aydemir Group I Construction &amp; Real Estate I Our Projects\",\"isPartOf\":{\"@id\":\"https:\/\/aydemirgroup.com.tr\/#website\"},\"datePublished\":\"2022-06-30T09:52:10+00:00\",\"dateModified\":\"2023-10-25T14:32:22+00:00\",\"description\":\"Aydemir Group Projects, We continue on our way by constructing modern, high-health standards and solid structures of the future.\",\"breadcrumb\":{\"@id\":\"https:\/\/aydemirgroup.com.tr\/our-projects\/#breadcrumb\"},\"inLanguage\":\"ru-RU\",\"potentialAction\":[{\"@type\":\"ReadAction\",\"target\":[\"https:\/\/aydemirgroup.com.tr\/our-projects\/\"]}]},{\"@type\":\"BreadcrumbList\",\"@id\":\"https:\/\/aydemirgroup.com.tr\/our-projects\/#breadcrumb\",\"itemListElement\":[{\"@type\":\"ListItem\",\"position\":1,\"name\":\"Home Page\",\"item\":\"https:\/\/aydemirgroup.com.tr\/\"},{\"@type\":\"ListItem\",\"position\":2,\"name\":\"Our Projects\"}]},{\"@type\":\"WebSite\",\"@id\":\"https:\/\/aydemirgroup.com.tr\/#website\",\"url\":\"https:\/\/aydemirgroup.com.tr\/\",\"name\":\"Aydemir Group I Construction &amp; Real Estate\",\"description\":\"Construction &amp; Real Estate\",\"publisher\":{\"@id\":\"https:\/\/aydemirgroup.com.tr\/#organization\"},\"potentialAction\":[{\"@type\":\"SearchAction\",\"target\":{\"@type\":\"EntryPoint\",\"urlTemplate\":\"https:\/\/aydemirgroup.com.tr\/?s={search_term_string}\"},\"query-input\":\"required name=search_term_string\"}],\"inLanguage\":\"ru-RU\"},{\"@type\":\"Organization\",\"@id\":\"https:\/\/aydemirgroup.com.tr\/#organization\",\"name\":\"Aydemir Group I Construction &amp; Real Estate\",\"url\":\"https:\/\/aydemirgroup.com.tr\/\",\"logo\":{\"@type\":\"ImageObject\",\"inLanguage\":\"ru-RU\",\"@id\":\"https:\/\/aydemirgroup.com.tr\/#\/schema\/logo\/image\/\",\"url\":\"https:\/\/aydemirgroup.com.tr\/wp-content\/uploads\/2022\/06\/aydemir_group_logo_final_Calisma-Yuzeyi-1.png\",\"contentUrl\":\"https:\/\/aydemirgroup.com.tr\/wp-content\/uploads\/2022\/06\/aydemir_group_logo_final_Calisma-Yuzeyi-1.png\",\"width\":1765,\"height\":538,\"caption\":\"Aydemir Group I Construction &amp; Real Estate\"},\"image\":{\"@id\":\"https:\/\/aydemirgroup.com.tr\/#\/schema\/logo\/image\/\"},\"sameAs\":[\"https:\/\/www.facebook.com\/groupaydemir\",\"https:\/\/twitter.com\/groupaydemir\",\"https:\/\/www.instagram.com\/groupaydemir\/\",\"https:\/\/www.youtube.com\/channel\/UCUnkgIe7anmONI03ao1q8-g?view_as=subscriber\",\"http:\/\/www.pinterest.com\/aydemirgroup\"]}]}<\/script>\n<!-- \/ Yoast SEO Premium plugin. -->","yoast_head_json":{"title":"Aydemir Group I Construction &amp; Real Estate I Our Projects","description":"Aydemir Group Projects, We continue on our way by constructing modern, high-health standards and solid structures of the future.","robots":{"index":"index","follow":"follow","max-snippet":"max-snippet:-1","max-image-preview":"max-image-preview:large","max-video-preview":"max-video-preview:-1"},"canonical":"https:\/\/aydemirgroup.com.tr\/ru\/our-projects\/","og_locale":"ru_RU","og_type":"article","og_title":"Our Projects","og_description":"Aydemir Group Projects, We continue on our way by constructing modern, high-health standards and solid structures of the future.","og_url":"https:\/\/aydemirgroup.com.tr\/ru\/our-projects\/","og_site_name":"Aydemir Group I Construction &amp; Real Estate","article_publisher":"https:\/\/www.facebook.com\/groupaydemir","article_modified_time":"2023-10-25T14:32:22+00:00","og_image":[{"width":1080,"height":1080,"url":"https:\/\/aydemirgroup.com.tr\/wp-content\/uploads\/2022\/08\/Aydemir-Group-Logo.jpg","type":"image\/jpeg"}],"twitter_card":"summary_large_image","twitter_site":"@groupaydemir","twitter_misc":{"\u041f\u0440\u0438\u043c\u0435\u0440\u043d\u043e\u0435 \u0432\u0440\u0435\u043c\u044f \u0434\u043b\u044f \u0447\u0442\u0435\u043d\u0438\u044f":"2 \u043c\u0438\u043d\u0443\u0442\u044b"},"schema":{"@context":"https:\/\/schema.org","@graph":[{"@type":"WebPage","@id":"https:\/\/aydemirgroup.com.tr\/our-projects\/","url":"https:\/\/aydemirgroup.com.tr\/our-projects\/","name":"Aydemir Group I Construction &amp; Real Estate I Our Projects","isPartOf":{"@id":"https:\/\/aydemirgroup.com.tr\/#website"},"datePublished":"2022-06-30T09:52:10+00:00","dateModified":"2023-10-25T14:32:22+00:00","description":"Aydemir Group Projects, We continue on our way by constructing modern, high-health standards and solid structures of the future.","breadcrumb":{"@id":"https:\/\/aydemirgroup.com.tr\/our-projects\/#breadcrumb"},"inLanguage":"ru-RU","potentialAction":[{"@type":"ReadAction","target":["https:\/\/aydemirgroup.com.tr\/our-projects\/"]}]},{"@type":"BreadcrumbList","@id":"https:\/\/aydemirgroup.com.tr\/our-projects\/#breadcrumb","itemListElement":[{"@type":"ListItem","position":1,"name":"Home Page","item":"https:\/\/aydemirgroup.com.tr\/"},{"@type":"ListItem","position":2,"name":"Our Projects"}]},{"@type":"WebSite","@id":"https:\/\/aydemirgroup.com.tr\/#website","url":"https:\/\/aydemirgroup.com.tr\/","name":"Aydemir Group I Construction &amp; Real Estate","description":"Construction &amp; Real Estate","publisher":{"@id":"https:\/\/aydemirgroup.com.tr\/#organization"},"potentialAction":[{"@type":"SearchAction","target":{"@type":"EntryPoint","urlTemplate":"https:\/\/aydemirgroup.com.tr\/?s={search_term_string}"},"query-input":"required name=search_term_string"}],"inLanguage":"ru-RU"},{"@type":"Organization","@id":"https:\/\/aydemirgroup.com.tr\/#organization","name":"Aydemir Group I Construction &amp; Real Estate","url":"https:\/\/aydemirgroup.com.tr\/","logo":{"@type":"ImageObject","inLanguage":"ru-RU","@id":"https:\/\/aydemirgroup.com.tr\/#\/schema\/logo\/image\/","url":"https:\/\/aydemirgroup.com.tr\/wp-content\/uploads\/2022\/06\/aydemir_group_logo_final_Calisma-Yuzeyi-1.png","contentUrl":"https:\/\/aydemirgroup.com.tr\/wp-content\/uploads\/2022\/06\/aydemir_group_logo_final_Calisma-Yuzeyi-1.png","width":1765,"height":538,"caption":"Aydemir Group I Construction &amp; Real Estate"},"image":{"@id":"https:\/\/aydemirgroup.com.tr\/#\/schema\/logo\/image\/"},"sameAs":["https:\/\/www.facebook.com\/groupaydemir","https:\/\/twitter.com\/groupaydemir","https:\/\/www.instagram.com\/groupaydemir\/","https:\/\/www.youtube.com\/channel\/UCUnkgIe7anmONI03ao1q8-g?view_as=subscriber","http:\/\/www.pinterest.com\/aydemirgroup"]}]}},"_links":{"self":[{"href":"https:\/\/aydemirgroup.com.tr\/ru\/wp-json\/wp\/v2\/pages\/4610"}],"collection":[{"href":"https:\/\/aydemirgroup.com.tr\/ru\/wp-json\/wp\/v2\/pages"}],"about":[{"href":"https:\/\/aydemirgroup.com.tr\/ru\/wp-json\/wp\/v2\/types\/page"}],"author":[{"embeddable":true,"href":"https:\/\/aydemirgroup.com.tr\/ru\/wp-json\/wp\/v2\/users\/1"}],"replies":[{"embeddable":true,"href":"https:\/\/aydemirgroup.com.tr\/ru\/wp-json\/wp\/v2\/comments?post=4610"}],"version-history":[{"count":87,"href":"https:\/\/aydemirgroup.com.tr\/ru\/wp-json\/wp\/v2\/pages\/4610\/revisions"}],"predecessor-version":[{"id":9465,"href":"https:\/\/aydemirgroup.com.tr\/ru\/wp-json\/wp\/v2\/pages\/4610\/revisions\/9465"}],"wp:featuredmedia":[{"embeddable":true,"href":"https:\/\/aydemirgroup.com.tr\/ru\/wp-json\/wp\/v2\/media\/4754"}],"wp:attachment":[{"href":"https:\/\/aydemirgroup.com.tr\/ru\/wp-json\/wp\/v2\/media?parent=4610"}],"curies":[{"name":"wp","href":"https:\/\/api.w.org\/{rel}","templated":true}]}}