{"id":42,"date":"2022-06-07T07:02:21","date_gmt":"2022-06-07T04:02:21","guid":{"rendered":"http:\/\/demo.ovathemes.com\/retirio\/?page_id=42"},"modified":"2023-10-24T08:31:35","modified_gmt":"2023-10-24T05:31:35","slug":"services","status":"publish","type":"page","link":"https:\/\/aydemirgroup.com.tr\/tr\/services\/","title":{"rendered":"Services"},"content":{"rendered":"<div data-elementor-type=\"wp-page\" data-elementor-id=\"42\" class=\"elementor elementor-42\" data-elementor-post-type=\"page\">\n\t\t\t\t\t\t\t\t\t<section class=\"elementor-section elementor-top-section elementor-element elementor-element-7a751d1 elementor-section-boxed elementor-section-height-default elementor-section-height-default\" data-id=\"7a751d1\" data-element_type=\"section\">\n\t\t\t\t\t\t<div class=\"elementor-container elementor-column-gap-default\">\n\t\t\t\t\t<div class=\"elementor-column elementor-col-100 elementor-top-column elementor-element elementor-element-1828fb3\" data-id=\"1828fb3\" data-element_type=\"column\">\n\t\t\t<div class=\"elementor-widget-wrap elementor-element-populated\">\n\t\t\t\t\t\t\t\t<section class=\"elementor-section elementor-inner-section elementor-element elementor-element-1fb0666 elementor-section-boxed elementor-section-height-default elementor-section-height-default\" data-id=\"1fb0666\" data-element_type=\"section\">\n\t\t\t\t\t\t<div class=\"elementor-container elementor-column-gap-no\">\n\t\t\t\t\t<div class=\"elementor-column elementor-col-100 elementor-inner-column elementor-element elementor-element-0516878\" data-id=\"0516878\" data-element_type=\"column\">\n\t\t\t<div class=\"elementor-widget-wrap elementor-element-populated\">\n\t\t\t\t\t\t\t\t<div class=\"elementor-element elementor-element-e58e31c elementor-widget elementor-widget-retirio_elementor_heading\" data-id=\"e58e31c\" data-element_type=\"widget\" data-widget_type=\"retirio_elementor_heading.default\">\n\t\t\t\t<div class=\"elementor-widget-container\">\n\t\t\t\n\t\t<div class=\"ova-title\">\n\n\t\t\t\t\t\t\t<h3 class=\"sub-title\">YAPTI\u011eIMIZ H\u0130ZMETLER<\/h3>\n\t\t\t\n\t\t\t\t\t\t\t\t\t\t\t\t\t\t<h2 class=\"title\">\n\t\t\t\t\t\t\t\t\u00d6ne \u00e7\u0131kan hizmetlerimiz <span class=\"underline\">tasar\u0131mlar\u0131m\u0131z<\/span>\t\t\t\t\t\t\t<\/h2>\n\t\t\t\t\t\t\t\n\t\t\t\n\t\t<\/div> \n\t\t\t\t<\/div>\n\t\t\t\t<\/div>\n\t\t\t\t\t<\/div>\n\t\t<\/div>\n\t\t\t\t\t\t\t<\/div>\n\t\t<\/section>\n\t\t\t\t<div class=\"elementor-element elementor-element-72318fe elementor-widget elementor-widget-ovasev_elementor_service_box\" data-id=\"72318fe\" data-element_type=\"widget\" data-widget_type=\"ovasev_elementor_service_box.default\">\n\t\t\t\t<div class=\"elementor-widget-container\">\n\t\t\t\n<div class=\"ova-service-box-elementor three_column\">\n\n\t\n\t\t\n\t\n\t\t<div class=\"ova-service-box-template1\">\n\n\t\t    <div class=\"img-service\">\t\n\t\t    \t<img decoding=\"async\" src=\"https:\/\/aydemirgroup.com.tr\/wp-content\/uploads\/2022\/09\/Ekran-Resmi-2022-12-07-15.28.41-390x473.png\" alt=\"Urban transformation\">\n\t\t    \t\t\t\t\t\t<div class=\"icon\">\n\t\t\t\t\t\t<i class=\"flaticon-buildings\"><\/i>\n\t\t\t\t\t<\/div>\n\t\t\t\t\t\t    <\/div>\n\t\t    \n\t\t    <div class=\"info\">\n\t\t    \t<a href=\"https:\/\/aydemirgroup.com.tr\/tr\/service\/urban-transformation\/\"  title=\"Kentsel D\u00f6n\u00fc\u015f\u00fcm\">\n\n\t\t        \t\t\t\t\t<h4 class=\"title\">\n\t\t\t\t\t\tKentsel D\u00f6n\u00fc\u015f\u00fcm\t\t\t\t\t<\/h4>\n\t\t\t\t\n\t\t\t\t<\/a>\n\n\t\t\t\t\t\t\t\t\t<p class=\"description\">\n\t\t\t\t\t\t\u015eehrin \u00e7ehresini g\u00f6rsel olarak de\u011fi\u015ftiren ve d\u00fczenli hale getiren kentsel d\u00f6n\u00fc\u015f\u00fcm projeleri, b\u00fcy\u00fck \u015fehir imaj\u0131na uymayan yap\u0131lar i\u00e7in \u00e7\u00f6z\u00fcmler \u00fcretmektedir. Aydemir Grubu olarak plans\u0131z yap\u0131la\u015fmalardan ka\u00e7\u0131n\u0131yor, g\u00fcvenli ve konforlu ya\u015fam alanlar\u0131 in\u015fa ediyoruz.\t\t\t\t\t<\/p>\n\t\t\t\t\n\t\t\t\t<a class=\"next-button\" href=\"https:\/\/aydemirgroup.com.tr\/tr\/service\/urban-transformation\/\"  title=\"Kentsel D\u00f6n\u00fc\u015f\u00fcm\">\n\t\t\t\t\t<i class=\"ovaicon ovaicon-next\"><\/i>\n\t\t\t\t<\/a>\n\t\t    <\/div>\n\n\t\t<\/div>\n\n\t\n\t\n\t\t\n\t\n\t\t<div class=\"ova-service-box-template1\">\n\n\t\t    <div class=\"img-service\">\t\n\t\t    \t<img decoding=\"async\" src=\"https:\/\/aydemirgroup.com.tr\/wp-content\/uploads\/2022\/06\/IMG_1042-kopya-2-390x473.jpg\" alt=\"Architecture\">\n\t\t    \t\t\t\t\t\t<div class=\"icon\">\n\t\t\t\t\t\t<i class=\"flaticon-buildings\"><\/i>\n\t\t\t\t\t<\/div>\n\t\t\t\t\t\t    <\/div>\n\t\t    \n\t\t    <div class=\"info\">\n\t\t    \t<a href=\"https:\/\/aydemirgroup.com.tr\/tr\/service\/architecture\/\"  title=\"Mimari\">\n\n\t\t        \t\t\t\t\t<h4 class=\"title\">\n\t\t\t\t\t\tMimari\t\t\t\t\t<\/h4>\n\t\t\t\t\n\t\t\t\t<\/a>\n\n\t\t\t\t\t\t\t\t\t<p class=\"description\">\n\t\t\t\t\t\tMimari tasar\u0131mlarda estetik ve g\u00f6rsel alg\u0131 \u00e7ok \u00f6nemlidir. Aydemir Grup olarak her projemizde yarat\u0131c\u0131l\u0131\u011f\u0131n \u00f6n plana \u00e7\u0131kt\u0131\u011f\u0131 mimari yap\u0131lar in\u015fa etmeyi ve \u015fehrin g\u00f6r\u00fcn\u00fcm\u00fcne de\u011fer katmay\u0131 hedefliyoruz.\t\t\t\t\t<\/p>\n\t\t\t\t\n\t\t\t\t<a class=\"next-button\" href=\"https:\/\/aydemirgroup.com.tr\/tr\/service\/architecture\/\"  title=\"Mimari\">\n\t\t\t\t\t<i class=\"ovaicon ovaicon-next\"><\/i>\n\t\t\t\t<\/a>\n\t\t    <\/div>\n\n\t\t<\/div>\n\n\t\n\t\n\t\t\n\t\n\t\t<div class=\"ova-service-box-template1\">\n\n\t\t    <div class=\"img-service\">\t\n\t\t    \t<img decoding=\"async\" src=\"https:\/\/aydemirgroup.com.tr\/wp-content\/uploads\/2022\/06\/Ekran-Resmi-2022-12-07-15.28.07-390x473.png\" alt=\"Interior work\">\n\t\t    \t\t\t\t\t\t<div class=\"icon\">\n\t\t\t\t\t\t<i class=\"flaticon-furnitures\"><\/i>\n\t\t\t\t\t<\/div>\n\t\t\t\t\t\t    <\/div>\n\t\t    \n\t\t    <div class=\"info\">\n\t\t    \t<a href=\"https:\/\/aydemirgroup.com.tr\/tr\/service\/interior-work\/\"  title=\"\u0130\u00e7 Mimari\">\n\n\t\t        \t\t\t\t\t<h4 class=\"title\">\n\t\t\t\t\t\t\u0130\u00e7 Mimari\t\t\t\t\t<\/h4>\n\t\t\t\t\n\t\t\t\t<\/a>\n\n\t\t\t\t\t\t\t\t\t<p class=\"description\">\n\t\t\t\t\t\tMimari tasar\u0131mlarda estetik ve g\u00f6rsel alg\u0131 \u00e7ok \u00f6nemlidir. Aydemir Grup olarak her projemizde yarat\u0131c\u0131l\u0131\u011f\u0131n \u00f6n plana \u00e7\u0131kt\u0131\u011f\u0131 mimari yap\u0131lar in\u015fa etmeyi ve \u015fehrin g\u00f6r\u00fcn\u00fcm\u00fcne de\u011fer katmay\u0131 hedefliyoruz.\t\t\t\t\t<\/p>\n\t\t\t\t\n\t\t\t\t<a class=\"next-button\" href=\"https:\/\/aydemirgroup.com.tr\/tr\/service\/interior-work\/\"  title=\"\u0130\u00e7 Mimari\">\n\t\t\t\t\t<i class=\"ovaicon ovaicon-next\"><\/i>\n\t\t\t\t<\/a>\n\t\t    <\/div>\n\n\t\t<\/div>\n\n\t\n\t\n<\/div>\t\t<\/div>\n\t\t\t\t<\/div>\n\t\t\t\t\t<\/div>\n\t\t<\/div>\n\t\t\t\t\t\t\t<\/div>\n\t\t<\/section>\n\t\t\t\t<section class=\"elementor-section elementor-top-section elementor-element elementor-element-a3dd923 elementor-section-boxed elementor-section-height-default elementor-section-height-default\" data-id=\"a3dd923\" data-element_type=\"section\" data-settings=\"{&quot;background_background&quot;:&quot;classic&quot;}\">\n\t\t\t\t\t\t<div class=\"elementor-container elementor-column-gap-no\">\n\t\t\t\t\t<div class=\"elementor-column elementor-col-66 elementor-top-column elementor-element elementor-element-b9e79ac\" data-id=\"b9e79ac\" data-element_type=\"column\">\n\t\t\t<div class=\"elementor-widget-wrap elementor-element-populated\">\n\t\t\t\t\t\t\t\t<div class=\"elementor-element elementor-element-cab819a elementor-widget elementor-widget-retirio_elementor_heading\" data-id=\"cab819a\" data-element_type=\"widget\" data-widget_type=\"retirio_elementor_heading.default\">\n\t\t\t\t<div class=\"elementor-widget-container\">\n\t\t\t\n\t\t<div class=\"ova-title\">\n\n\t\t\t\t\t\t\t<h3 class=\"sub-title\">Yeni projeleriniz i\u00e7in bizi i\u015fe al\u0131n<\/h3>\n\t\t\t\n\t\t\t\t\t\t\t\t\t\t\t\t\t\t<h2 class=\"title translation-block\">\u0130\u00e7 mekan tasar\u0131mlar\u0131n\u0131 hemen al\u0131n<\/h2>\n\t\t\t\t\t\t\t\n\t\t\t\n\t\t<\/div> \n\t\t\t\t<\/div>\n\t\t\t\t<\/div>\n\t\t\t\t\t<\/div>\n\t\t<\/div>\n\t\t\t\t<div class=\"elementor-column elementor-col-33 elementor-top-column elementor-element elementor-element-eb766f3\" data-id=\"eb766f3\" data-element_type=\"column\">\n\t\t\t<div class=\"elementor-widget-wrap elementor-element-populated\">\n\t\t\t\t\t\t\t\t<div class=\"elementor-element elementor-element-b196b12 elementor-widget__width-auto elementor-widget elementor-widget-button\" data-id=\"b196b12\" data-element_type=\"widget\" data-widget_type=\"button.default\">\n\t\t\t\t<div class=\"elementor-widget-container\">\n\t\t\t\t\t<div class=\"elementor-button-wrapper\">\n\t\t\t<a class=\"elementor-button elementor-button-link elementor-size-sm\" href=\"https:\/\/aydemirgroup.com.tr\/tr\/contact\/\">\n\t\t\t\t\t\t<span class=\"elementor-button-content-wrapper\">\n\t\t\t\t\t\t<span class=\"elementor-button-text\">B\u0130ZE ULA\u015eIN<\/span>\n\t\t<\/span>\n\t\t\t\t\t<\/a>\n\t\t<\/div>\n\t\t\t\t<\/div>\n\t\t\t\t<\/div>\n\t\t\t\t\t<\/div>\n\t\t<\/div>\n\t\t\t\t\t\t\t<\/div>\n\t\t<\/section>\n\t\t\t\t\t\t\t<\/div>","protected":false},"excerpt":{"rendered":"<p>SERVICES WE DO Our highlighted services for interior design Urban transformation Urban transformation projects, which visually change the face of the city and make it regular, produce solutions for buildings that do not fit the image of big cities. As Aydemir Group, we avoid unplanned buildings and build safe and comfortable living spaces. Architecture Aesthetics [&hellip;]<\/p>","protected":false},"author":1,"featured_media":0,"parent":0,"menu_order":0,"comment_status":"closed","ping_status":"closed","template":"elementor_header_footer","meta":{"footnotes":""},"yoast_head":"<!-- This site is optimized with the Yoast SEO Premium plugin v21.4 (Yoast SEO v21.4) - https:\/\/yoast.com\/wordpress\/plugins\/seo\/ -->\n<title>Services | Aydemir Group I Construction &amp; Real Estate<\/title>\n<meta name=\"robots\" content=\"index, follow, max-snippet:-1, max-image-preview:large, max-video-preview:-1\" \/>\n<link rel=\"canonical\" href=\"https:\/\/aydemirgroup.com.tr\/tr\/services\/\" \/>\n<meta property=\"og:locale\" content=\"tr_TR\" \/>\n<meta property=\"og:type\" content=\"article\" \/>\n<meta property=\"og:title\" content=\"Services\" \/>\n<meta property=\"og:description\" content=\"SERVICES WE DO Our highlighted services for interior design Urban transformation Urban transformation projects, which visually change the face of the city and make it regular, produce solutions for buildings that do not fit the image of big cities. As Aydemir Group, we avoid unplanned buildings and build safe and comfortable living spaces. Architecture Aesthetics [&hellip;]\" \/>\n<meta property=\"og:url\" content=\"https:\/\/aydemirgroup.com.tr\/tr\/services\/\" \/>\n<meta property=\"og:site_name\" content=\"Aydemir Group I Construction &amp; Real Estate\" \/>\n<meta property=\"article:publisher\" content=\"https:\/\/www.facebook.com\/groupaydemir\" \/>\n<meta property=\"article:modified_time\" content=\"2023-10-24T05:31:35+00:00\" \/>\n<meta property=\"og:image\" content=\"https:\/\/aydemirgroup.com.tr\/wp-content\/uploads\/2022\/09\/Ekran-Resmi-2022-12-07-15.28.41-390x473.png\" \/>\n<meta name=\"twitter:card\" content=\"summary_large_image\" \/>\n<meta name=\"twitter:site\" content=\"@groupaydemir\" \/>\n<meta name=\"twitter:label1\" content=\"Tahmini okuma s\u00fcresi\" \/>\n\t<meta name=\"twitter:data1\" content=\"2 dakika\" \/>\n<script type=\"application\/ld+json\" class=\"yoast-schema-graph\">{\"@context\":\"https:\/\/schema.org\",\"@graph\":[{\"@type\":\"WebPage\",\"@id\":\"https:\/\/aydemirgroup.com.tr\/services\/\",\"url\":\"https:\/\/aydemirgroup.com.tr\/services\/\",\"name\":\"Services | Aydemir Group I Construction &amp; Real Estate\",\"isPartOf\":{\"@id\":\"https:\/\/aydemirgroup.com.tr\/#website\"},\"datePublished\":\"2022-06-07T04:02:21+00:00\",\"dateModified\":\"2023-10-24T05:31:35+00:00\",\"breadcrumb\":{\"@id\":\"https:\/\/aydemirgroup.com.tr\/services\/#breadcrumb\"},\"inLanguage\":\"tr\",\"potentialAction\":[{\"@type\":\"ReadAction\",\"target\":[\"https:\/\/aydemirgroup.com.tr\/services\/\"]}]},{\"@type\":\"BreadcrumbList\",\"@id\":\"https:\/\/aydemirgroup.com.tr\/services\/#breadcrumb\",\"itemListElement\":[{\"@type\":\"ListItem\",\"position\":1,\"name\":\"Home Page\",\"item\":\"https:\/\/aydemirgroup.com.tr\/\"},{\"@type\":\"ListItem\",\"position\":2,\"name\":\"Services\"}]},{\"@type\":\"WebSite\",\"@id\":\"https:\/\/aydemirgroup.com.tr\/#website\",\"url\":\"https:\/\/aydemirgroup.com.tr\/\",\"name\":\"Aydemir Group I Construction &amp; Real Estate\",\"description\":\"Construction &amp; Real Estate\",\"publisher\":{\"@id\":\"https:\/\/aydemirgroup.com.tr\/#organization\"},\"potentialAction\":[{\"@type\":\"SearchAction\",\"target\":{\"@type\":\"EntryPoint\",\"urlTemplate\":\"https:\/\/aydemirgroup.com.tr\/?s={search_term_string}\"},\"query-input\":\"required name=search_term_string\"}],\"inLanguage\":\"tr\"},{\"@type\":\"Organization\",\"@id\":\"https:\/\/aydemirgroup.com.tr\/#organization\",\"name\":\"Aydemir Group I Construction &amp; Real Estate\",\"url\":\"https:\/\/aydemirgroup.com.tr\/\",\"logo\":{\"@type\":\"ImageObject\",\"inLanguage\":\"tr\",\"@id\":\"https:\/\/aydemirgroup.com.tr\/#\/schema\/logo\/image\/\",\"url\":\"https:\/\/aydemirgroup.com.tr\/wp-content\/uploads\/2022\/06\/aydemir_group_logo_final_Calisma-Yuzeyi-1.png\",\"contentUrl\":\"https:\/\/aydemirgroup.com.tr\/wp-content\/uploads\/2022\/06\/aydemir_group_logo_final_Calisma-Yuzeyi-1.png\",\"width\":1765,\"height\":538,\"caption\":\"Aydemir Group I Construction &amp; Real Estate\"},\"image\":{\"@id\":\"https:\/\/aydemirgroup.com.tr\/#\/schema\/logo\/image\/\"},\"sameAs\":[\"https:\/\/www.facebook.com\/groupaydemir\",\"https:\/\/twitter.com\/groupaydemir\",\"https:\/\/www.instagram.com\/groupaydemir\/\",\"https:\/\/www.youtube.com\/channel\/UCUnkgIe7anmONI03ao1q8-g?view_as=subscriber\",\"http:\/\/www.pinterest.com\/aydemirgroup\"]}]}<\/script>\n<!-- \/ Yoast SEO Premium plugin. -->","yoast_head_json":{"title":"Services | Aydemir Group I Construction &amp; Real Estate","robots":{"index":"index","follow":"follow","max-snippet":"max-snippet:-1","max-image-preview":"max-image-preview:large","max-video-preview":"max-video-preview:-1"},"canonical":"https:\/\/aydemirgroup.com.tr\/tr\/services\/","og_locale":"tr_TR","og_type":"article","og_title":"Services","og_description":"SERVICES WE DO Our highlighted services for interior design Urban transformation Urban transformation projects, which visually change the face of the city and make it regular, produce solutions for buildings that do not fit the image of big cities. As Aydemir Group, we avoid unplanned buildings and build safe and comfortable living spaces. Architecture Aesthetics [&hellip;]","og_url":"https:\/\/aydemirgroup.com.tr\/tr\/services\/","og_site_name":"Aydemir Group I Construction &amp; Real Estate","article_publisher":"https:\/\/www.facebook.com\/groupaydemir","article_modified_time":"2023-10-24T05:31:35+00:00","og_image":[{"url":"https:\/\/aydemirgroup.com.tr\/wp-content\/uploads\/2022\/09\/Ekran-Resmi-2022-12-07-15.28.41-390x473.png"}],"twitter_card":"summary_large_image","twitter_site":"@groupaydemir","twitter_misc":{"Tahmini okuma s\u00fcresi":"2 dakika"},"schema":{"@context":"https:\/\/schema.org","@graph":[{"@type":"WebPage","@id":"https:\/\/aydemirgroup.com.tr\/services\/","url":"https:\/\/aydemirgroup.com.tr\/services\/","name":"Services | Aydemir Group I Construction &amp; Real Estate","isPartOf":{"@id":"https:\/\/aydemirgroup.com.tr\/#website"},"datePublished":"2022-06-07T04:02:21+00:00","dateModified":"2023-10-24T05:31:35+00:00","breadcrumb":{"@id":"https:\/\/aydemirgroup.com.tr\/services\/#breadcrumb"},"inLanguage":"tr","potentialAction":[{"@type":"ReadAction","target":["https:\/\/aydemirgroup.com.tr\/services\/"]}]},{"@type":"BreadcrumbList","@id":"https:\/\/aydemirgroup.com.tr\/services\/#breadcrumb","itemListElement":[{"@type":"ListItem","position":1,"name":"Home Page","item":"https:\/\/aydemirgroup.com.tr\/"},{"@type":"ListItem","position":2,"name":"Services"}]},{"@type":"WebSite","@id":"https:\/\/aydemirgroup.com.tr\/#website","url":"https:\/\/aydemirgroup.com.tr\/","name":"Aydemir Group I Construction &amp; Real Estate","description":"Construction &amp; Real Estate","publisher":{"@id":"https:\/\/aydemirgroup.com.tr\/#organization"},"potentialAction":[{"@type":"SearchAction","target":{"@type":"EntryPoint","urlTemplate":"https:\/\/aydemirgroup.com.tr\/?s={search_term_string}"},"query-input":"required name=search_term_string"}],"inLanguage":"tr"},{"@type":"Organization","@id":"https:\/\/aydemirgroup.com.tr\/#organization","name":"Aydemir Group I Construction &amp; Real Estate","url":"https:\/\/aydemirgroup.com.tr\/","logo":{"@type":"ImageObject","inLanguage":"tr","@id":"https:\/\/aydemirgroup.com.tr\/#\/schema\/logo\/image\/","url":"https:\/\/aydemirgroup.com.tr\/wp-content\/uploads\/2022\/06\/aydemir_group_logo_final_Calisma-Yuzeyi-1.png","contentUrl":"https:\/\/aydemirgroup.com.tr\/wp-content\/uploads\/2022\/06\/aydemir_group_logo_final_Calisma-Yuzeyi-1.png","width":1765,"height":538,"caption":"Aydemir Group I Construction &amp; Real Estate"},"image":{"@id":"https:\/\/aydemirgroup.com.tr\/#\/schema\/logo\/image\/"},"sameAs":["https:\/\/www.facebook.com\/groupaydemir","https:\/\/twitter.com\/groupaydemir","https:\/\/www.instagram.com\/groupaydemir\/","https:\/\/www.youtube.com\/channel\/UCUnkgIe7anmONI03ao1q8-g?view_as=subscriber","http:\/\/www.pinterest.com\/aydemirgroup"]}]}},"_links":{"self":[{"href":"https:\/\/aydemirgroup.com.tr\/tr\/wp-json\/wp\/v2\/pages\/42"}],"collection":[{"href":"https:\/\/aydemirgroup.com.tr\/tr\/wp-json\/wp\/v2\/pages"}],"about":[{"href":"https:\/\/aydemirgroup.com.tr\/tr\/wp-json\/wp\/v2\/types\/page"}],"author":[{"embeddable":true,"href":"https:\/\/aydemirgroup.com.tr\/tr\/wp-json\/wp\/v2\/users\/1"}],"replies":[{"embeddable":true,"href":"https:\/\/aydemirgroup.com.tr\/tr\/wp-json\/wp\/v2\/comments?post=42"}],"version-history":[{"count":6,"href":"https:\/\/aydemirgroup.com.tr\/tr\/wp-json\/wp\/v2\/pages\/42\/revisions"}],"predecessor-version":[{"id":9457,"href":"https:\/\/aydemirgroup.com.tr\/tr\/wp-json\/wp\/v2\/pages\/42\/revisions\/9457"}],"wp:attachment":[{"href":"https:\/\/aydemirgroup.com.tr\/tr\/wp-json\/wp\/v2\/media?parent=42"}],"curies":[{"name":"wp","href":"https:\/\/api.w.org\/{rel}","templated":true}]}}