{"id":5884,"date":"2022-10-12T12:00:57","date_gmt":"2022-10-12T09:00:57","guid":{"rendered":"https:\/\/aydemirgroup.ru\/?page_id=5884"},"modified":"2023-10-25T17:31:44","modified_gmt":"2023-10-25T14:31:44","slug":"finance-in-turkey","status":"publish","type":"page","link":"https:\/\/aydemirgroup.com.tr\/tr\/finance-in-turkey\/","title":{"rendered":"T\u00dcRK\u0130YE'DE F\u0130NANS"},"content":{"rendered":"<div data-elementor-type=\"wp-page\" data-elementor-id=\"5884\" class=\"elementor elementor-5884\" data-elementor-post-type=\"page\">\n\t\t\t\t\t\t\t\t\t<section class=\"elementor-section elementor-top-section elementor-element elementor-element-f600624 elementor-section-boxed elementor-section-height-default elementor-section-height-default\" data-id=\"f600624\" data-element_type=\"section\">\n\t\t\t\t\t\t<div class=\"elementor-container elementor-column-gap-no\">\n\t\t\t\t\t<div class=\"elementor-column elementor-col-100 elementor-top-column elementor-element elementor-element-67237bd\" data-id=\"67237bd\" data-element_type=\"column\">\n\t\t\t<div class=\"elementor-widget-wrap elementor-element-populated\">\n\t\t\t\t\t\t\t\t<div class=\"elementor-element elementor-element-145e250 elementor-widget elementor-widget-retirio_elementor_heading\" data-id=\"145e250\" data-element_type=\"widget\" data-widget_type=\"retirio_elementor_heading.default\">\n\t\t\t\t<div class=\"elementor-widget-container\">\n\t\t\t\n\t\t<div class=\"ova-title\">\n\n\t\t\t\n\t\t\t\t\t\t\t\t\t\t\t\t\t\t<h2 class=\"title\">\n\t\t\t\t\t\t\t\tFINANCE IN <span class=\"underline\">TURKEY<\/span>\t\t\t\t\t\t\t<\/h2>\n\t\t\t\t\t\t\t\n\t\t\t\t\t\t\t<p class=\"description\"> Property in Turkey, affordable home or rental income is an excellent choice for buying and selling on behalf of a profitable investment for the future again. confer citizenship Investor $ 250,000 property purchases by Turkey, has become one of the most desirable destination for having a second home. <\/p>\n\t\t\t\n\t\t<\/div> \n\t\t\t\t<\/div>\n\t\t\t\t<\/div>\n\t\t\t\t<section class=\"elementor-section elementor-inner-section elementor-element elementor-element-a49a26f elementor-section-boxed elementor-section-height-default elementor-section-height-default\" data-id=\"a49a26f\" data-element_type=\"section\">\n\t\t\t\t\t\t<div class=\"elementor-container elementor-column-gap-default\">\n\t\t\t\t\t<div class=\"elementor-column elementor-col-50 elementor-inner-column elementor-element elementor-element-b2f672d\" data-id=\"b2f672d\" data-element_type=\"column\">\n\t\t\t<div class=\"elementor-widget-wrap elementor-element-populated\">\n\t\t\t\t\t\t\t\t<div class=\"elementor-element elementor-element-06d7d2b elementor-widget elementor-widget-spacer\" data-id=\"06d7d2b\" data-element_type=\"widget\" data-widget_type=\"spacer.default\">\n\t\t\t\t<div class=\"elementor-widget-container\">\n\t\t\t<style>\/*! elementor - v3.17.0 - 25-10-2023 *\/\n.elementor-column .elementor-spacer-inner{height:var(--spacer-size)}.e-con{--container-widget-width:100%}.e-con-inner>.elementor-widget-spacer,.e-con>.elementor-widget-spacer{width:var(--container-widget-width,var(--spacer-size));--align-self:var(--container-widget-align-self,initial);--flex-shrink:0}.e-con-inner>.elementor-widget-spacer>.elementor-widget-container,.e-con>.elementor-widget-spacer>.elementor-widget-container{height:100%;width:100%}.e-con-inner>.elementor-widget-spacer>.elementor-widget-container>.elementor-spacer,.e-con>.elementor-widget-spacer>.elementor-widget-container>.elementor-spacer{height:100%}.e-con-inner>.elementor-widget-spacer>.elementor-widget-container>.elementor-spacer>.elementor-spacer-inner,.e-con>.elementor-widget-spacer>.elementor-widget-container>.elementor-spacer>.elementor-spacer-inner{height:var(--container-widget-height,var(--spacer-size))}.e-con-inner>.elementor-widget-spacer.elementor-widget-empty,.e-con>.elementor-widget-spacer.elementor-widget-empty{position:relative;min-height:22px;min-width:22px}.e-con-inner>.elementor-widget-spacer.elementor-widget-empty .elementor-widget-empty-icon,.e-con>.elementor-widget-spacer.elementor-widget-empty .elementor-widget-empty-icon{position:absolute;top:0;bottom:0;left:0;right:0;margin:auto;padding:0;width:22px;height:22px}<\/style>\t\t<div class=\"elementor-spacer\">\n\t\t\t<div class=\"elementor-spacer-inner\"><\/div>\n\t\t<\/div>\n\t\t\t\t<\/div>\n\t\t\t\t<\/div>\n\t\t\t\t<div class=\"elementor-element elementor-element-7b878d5 elementor-widget elementor-widget-image\" data-id=\"7b878d5\" data-element_type=\"widget\" data-widget_type=\"image.default\">\n\t\t\t\t<div class=\"elementor-widget-container\">\n\t\t\t<style>\/*! elementor - v3.17.0 - 25-10-2023 *\/\n.elementor-widget-image{text-align:center}.elementor-widget-image a{display:inline-block}.elementor-widget-image a img[src$=\".svg\"]{width:48px}.elementor-widget-image img{vertical-align:middle;display:inline-block}<\/style>\t\t\t\t\t\t\t\t\t\t\t\t<img decoding=\"async\" loading=\"lazy\" width=\"560\" height=\"330\" src=\"https:\/\/aydemirgroup.com.tr\/wp-content\/uploads\/2022\/10\/finans-in-turkey-aydemir-alanya-money-home.jpeg\" class=\"attachment-large size-large wp-image-5886\" alt=\"\" srcset=\"https:\/\/aydemirgroup.com.tr\/wp-content\/uploads\/2022\/10\/finans-in-turkey-aydemir-alanya-money-home.jpeg 560w, https:\/\/aydemirgroup.com.tr\/wp-content\/uploads\/2022\/10\/finans-in-turkey-aydemir-alanya-money-home-300x177.jpeg 300w\" sizes=\"(max-width: 560px) 100vw, 560px\" \/>\t\t\t\t\t\t\t\t\t\t\t\t\t\t\t<\/div>\n\t\t\t\t<\/div>\n\t\t\t\t\t<\/div>\n\t\t<\/div>\n\t\t\t\t<div class=\"elementor-column elementor-col-50 elementor-inner-column elementor-element elementor-element-964147e\" data-id=\"964147e\" data-element_type=\"column\">\n\t\t\t<div class=\"elementor-widget-wrap elementor-element-populated\">\n\t\t\t\t\t\t\t\t<div class=\"elementor-element elementor-element-dc75d88 elementor-widget elementor-widget-text-editor\" data-id=\"dc75d88\" data-element_type=\"widget\" data-widget_type=\"text-editor.default\">\n\t\t\t\t<div class=\"elementor-widget-container\">\n\t\t\t<style>\/*! elementor - v3.17.0 - 25-10-2023 *\/\n.elementor-widget-text-editor.elementor-drop-cap-view-stacked .elementor-drop-cap{background-color:#69727d;color:#fff}.elementor-widget-text-editor.elementor-drop-cap-view-framed .elementor-drop-cap{color:#69727d;border:3px solid;background-color:transparent}.elementor-widget-text-editor:not(.elementor-drop-cap-view-default) .elementor-drop-cap{margin-top:8px}.elementor-widget-text-editor:not(.elementor-drop-cap-view-default) .elementor-drop-cap-letter{width:1em;height:1em}.elementor-widget-text-editor .elementor-drop-cap{float:left;text-align:center;line-height:1;font-size:50px}.elementor-widget-text-editor .elementor-drop-cap-letter{display:inline-block}<\/style>\t\t\t\t<div class=\"wpb_text_column wpb_content_element\"><div class=\"wpb_wrapper\"><p>The Turkish Citizenship by Investment Program is one of the most affordable global programs with second citizenship available in just two months. Investors can buy a single property or multiple properties to generate the required value.<\/p><p>With its increasing number, foreign investors are looking for a quiet seaside apartment, villa or penthouse in Alanya as an alternative summer residence. The focus of Aydemir Group is to make new living spaces for investors suitable for their long-term growth potential.<\/p><p>Alanya, Turkey\u2019s real estate is among the most popular tourist location. It is one of the best markets for both Turkish and foreign buyers who want to enter this market. While the city offers complete opportunities for a comfortable and prestigious life including the shopping mall, marina, shops and nightclubs, it focuses on modern life with the latest architectural trends and quality tourism structure.<\/p><\/div><\/div>\t\t\t\t\t\t<\/div>\n\t\t\t\t<\/div>\n\t\t\t\t\t<\/div>\n\t\t<\/div>\n\t\t\t\t\t\t\t<\/div>\n\t\t<\/section>\n\t\t\t\t<section class=\"elementor-section elementor-inner-section elementor-element elementor-element-71b6acb elementor-section-boxed elementor-section-height-default elementor-section-height-default\" data-id=\"71b6acb\" data-element_type=\"section\">\n\t\t\t\t\t\t<div class=\"elementor-container elementor-column-gap-default\">\n\t\t\t\t\t<div class=\"elementor-column elementor-col-50 elementor-inner-column elementor-element elementor-element-29b71d2\" data-id=\"29b71d2\" data-element_type=\"column\">\n\t\t\t<div class=\"elementor-widget-wrap elementor-element-populated\">\n\t\t\t\t\t\t\t\t<div class=\"elementor-element elementor-element-8e6f9d2 elementor-widget elementor-widget-text-editor\" data-id=\"8e6f9d2\" data-element_type=\"widget\" data-widget_type=\"text-editor.default\">\n\t\t\t\t<div class=\"elementor-widget-container\">\n\t\t\t\t\t\t\t<p>Apartments in residential complexes are in high demand all year round and have a strong sales potential. These complexes offer a wide range of services and are located in regions with well developed infrastructure. Some real estate partners offer guaranteed rental income purchase options for a secure income stream.<\/p><p>Turkey, represents an extremely reliable market in the country. The country\u2019s economy is one of the twenty largest economies in the world and has a stable growth power. As real estate prices continue to rise day by day, investors who bought properties a few years ago reach high sales rates with excellent profit margins. While the real estate market continues to grow year by year; In Turkey, the new building maintains its luxury developments, including supply continuity.<\/p>\t\t\t\t\t\t<\/div>\n\t\t\t\t<\/div>\n\t\t\t\t\t<\/div>\n\t\t<\/div>\n\t\t\t\t<div class=\"elementor-column elementor-col-50 elementor-inner-column elementor-element elementor-element-3005a35\" data-id=\"3005a35\" data-element_type=\"column\">\n\t\t\t<div class=\"elementor-widget-wrap elementor-element-populated\">\n\t\t\t\t\t\t\t\t<div class=\"elementor-element elementor-element-698baad elementor-widget elementor-widget-spacer\" data-id=\"698baad\" data-element_type=\"widget\" data-widget_type=\"spacer.default\">\n\t\t\t\t<div class=\"elementor-widget-container\">\n\t\t\t\t\t<div class=\"elementor-spacer\">\n\t\t\t<div class=\"elementor-spacer-inner\"><\/div>\n\t\t<\/div>\n\t\t\t\t<\/div>\n\t\t\t\t<\/div>\n\t\t\t\t<div class=\"elementor-element elementor-element-93d13e3 elementor-widget elementor-widget-image\" data-id=\"93d13e3\" data-element_type=\"widget\" data-widget_type=\"image.default\">\n\t\t\t\t<div class=\"elementor-widget-container\">\n\t\t\t\t\t\t\t\t\t\t\t\t\t\t\t<img decoding=\"async\" loading=\"lazy\" width=\"560\" height=\"290\" src=\"https:\/\/aydemirgroup.com.tr\/wp-content\/uploads\/2022\/10\/finans-560x290-1.jpeg\" class=\"attachment-large size-large wp-image-5887\" alt=\"\" srcset=\"https:\/\/aydemirgroup.com.tr\/wp-content\/uploads\/2022\/10\/finans-560x290-1.jpeg 560w, https:\/\/aydemirgroup.com.tr\/wp-content\/uploads\/2022\/10\/finans-560x290-1-300x155.jpeg 300w\" sizes=\"(max-width: 560px) 100vw, 560px\" \/>\t\t\t\t\t\t\t\t\t\t\t\t\t\t\t<\/div>\n\t\t\t\t<\/div>\n\t\t\t\t\t<\/div>\n\t\t<\/div>\n\t\t\t\t\t\t\t<\/div>\n\t\t<\/section>\n\t\t\t\t\t<\/div>\n\t\t<\/div>\n\t\t\t\t\t\t\t<\/div>\n\t\t<\/section>\n\t\t\t\t\t\t\t<\/div>","protected":false},"excerpt":{"rendered":"<p>FINANCE IN TURKEY Property in Turkey, affordable home or rental income is an excellent choice for buying and selling on behalf of a profitable investment for the future again. confer citizenship Investor $ 250,000 property purchases by Turkey, has become one of the most desirable destination for having a second home. The Turkish Citizenship by [&hellip;]<\/p>","protected":false},"author":1,"featured_media":0,"parent":0,"menu_order":0,"comment_status":"closed","ping_status":"closed","template":"elementor_header_footer","meta":{"footnotes":""},"yoast_head":"<!-- This site is optimized with the Yoast SEO Premium plugin v21.4 (Yoast SEO v21.4) - https:\/\/yoast.com\/wordpress\/plugins\/seo\/ -->\n<title>Aydemir Group I Construction &amp; Real Estate I Our Projects<\/title>\n<meta name=\"description\" content=\"Property in Turkey, affordable home or rental income is an excellent choice for buying and selling on behalf of a profitable investment for the future again. confer citizenship Investor $ 250,000 property purchases by Turkey, has become one of the most desirable destination for having a second home.\" \/>\n<meta name=\"robots\" content=\"index, follow, max-snippet:-1, max-image-preview:large, max-video-preview:-1\" \/>\n<link rel=\"canonical\" href=\"https:\/\/aydemirgroup.com.tr\/tr\/finance-in-turkey\/\" \/>\n<meta property=\"og:locale\" content=\"tr_TR\" \/>\n<meta property=\"og:type\" content=\"article\" \/>\n<meta property=\"og:title\" content=\"FINANCE IN TURKEY\" \/>\n<meta property=\"og:description\" content=\"Property in Turkey, affordable home or rental income is an excellent choice for buying and selling on behalf of a profitable investment for the future again. confer citizenship Investor $ 250,000 property purchases by Turkey, has become one of the most desirable destination for having a second home.\" \/>\n<meta property=\"og:url\" content=\"https:\/\/aydemirgroup.com.tr\/tr\/finance-in-turkey\/\" \/>\n<meta property=\"og:site_name\" content=\"Aydemir Group I Construction &amp; Real Estate\" \/>\n<meta property=\"article:publisher\" content=\"https:\/\/www.facebook.com\/groupaydemir\" \/>\n<meta property=\"article:modified_time\" content=\"2023-10-25T14:31:44+00:00\" \/>\n<meta property=\"og:image\" content=\"https:\/\/aydemirgroup.ru\/wp-content\/uploads\/2022\/10\/finans-in-turkey-aydemir-alanya-money-home.jpeg\" \/>\n<meta name=\"twitter:card\" content=\"summary_large_image\" \/>\n<meta name=\"twitter:site\" content=\"@groupaydemir\" \/>\n<meta name=\"twitter:label1\" content=\"Tahmini okuma s\u00fcresi\" \/>\n\t<meta name=\"twitter:data1\" content=\"2 dakika\" \/>\n<script type=\"application\/ld+json\" class=\"yoast-schema-graph\">{\"@context\":\"https:\/\/schema.org\",\"@graph\":[{\"@type\":\"WebPage\",\"@id\":\"https:\/\/aydemirgroup.com.tr\/finance-in-turkey\/\",\"url\":\"https:\/\/aydemirgroup.com.tr\/finance-in-turkey\/\",\"name\":\"Aydemir Group I Construction &amp; Real Estate I Our Projects\",\"isPartOf\":{\"@id\":\"https:\/\/aydemirgroup.com.tr\/#website\"},\"datePublished\":\"2022-10-12T09:00:57+00:00\",\"dateModified\":\"2023-10-25T14:31:44+00:00\",\"description\":\"Property in Turkey, affordable home or rental income is an excellent choice for buying and selling on behalf of a profitable investment for the future again. confer citizenship Investor $ 250,000 property purchases by Turkey, has become one of the most desirable destination for having a second home.\",\"breadcrumb\":{\"@id\":\"https:\/\/aydemirgroup.com.tr\/finance-in-turkey\/#breadcrumb\"},\"inLanguage\":\"tr\",\"potentialAction\":[{\"@type\":\"ReadAction\",\"target\":[\"https:\/\/aydemirgroup.com.tr\/finance-in-turkey\/\"]}]},{\"@type\":\"BreadcrumbList\",\"@id\":\"https:\/\/aydemirgroup.com.tr\/finance-in-turkey\/#breadcrumb\",\"itemListElement\":[{\"@type\":\"ListItem\",\"position\":1,\"name\":\"Home Page\",\"item\":\"https:\/\/aydemirgroup.com.tr\/\"},{\"@type\":\"ListItem\",\"position\":2,\"name\":\"FINANCE IN TURKEY\"}]},{\"@type\":\"WebSite\",\"@id\":\"https:\/\/aydemirgroup.com.tr\/#website\",\"url\":\"https:\/\/aydemirgroup.com.tr\/\",\"name\":\"Aydemir Group I Construction &amp; Real Estate\",\"description\":\"Construction &amp; Real Estate\",\"publisher\":{\"@id\":\"https:\/\/aydemirgroup.com.tr\/#organization\"},\"potentialAction\":[{\"@type\":\"SearchAction\",\"target\":{\"@type\":\"EntryPoint\",\"urlTemplate\":\"https:\/\/aydemirgroup.com.tr\/?s={search_term_string}\"},\"query-input\":\"required name=search_term_string\"}],\"inLanguage\":\"tr\"},{\"@type\":\"Organization\",\"@id\":\"https:\/\/aydemirgroup.com.tr\/#organization\",\"name\":\"Aydemir Group I Construction &amp; Real Estate\",\"url\":\"https:\/\/aydemirgroup.com.tr\/\",\"logo\":{\"@type\":\"ImageObject\",\"inLanguage\":\"tr\",\"@id\":\"https:\/\/aydemirgroup.com.tr\/#\/schema\/logo\/image\/\",\"url\":\"https:\/\/aydemirgroup.com.tr\/wp-content\/uploads\/2022\/06\/aydemir_group_logo_final_Calisma-Yuzeyi-1.png\",\"contentUrl\":\"https:\/\/aydemirgroup.com.tr\/wp-content\/uploads\/2022\/06\/aydemir_group_logo_final_Calisma-Yuzeyi-1.png\",\"width\":1765,\"height\":538,\"caption\":\"Aydemir Group I Construction &amp; Real Estate\"},\"image\":{\"@id\":\"https:\/\/aydemirgroup.com.tr\/#\/schema\/logo\/image\/\"},\"sameAs\":[\"https:\/\/www.facebook.com\/groupaydemir\",\"https:\/\/twitter.com\/groupaydemir\",\"https:\/\/www.instagram.com\/groupaydemir\/\",\"https:\/\/www.youtube.com\/channel\/UCUnkgIe7anmONI03ao1q8-g?view_as=subscriber\",\"http:\/\/www.pinterest.com\/aydemirgroup\"]}]}<\/script>\n<!-- \/ Yoast SEO Premium plugin. -->","yoast_head_json":{"title":"Aydemir Group I Construction &amp; Real Estate I Our Projects","description":"Property in Turkey, affordable home or rental income is an excellent choice for buying and selling on behalf of a profitable investment for the future again. confer citizenship Investor $ 250,000 property purchases by Turkey, has become one of the most desirable destination for having a second home.","robots":{"index":"index","follow":"follow","max-snippet":"max-snippet:-1","max-image-preview":"max-image-preview:large","max-video-preview":"max-video-preview:-1"},"canonical":"https:\/\/aydemirgroup.com.tr\/tr\/finance-in-turkey\/","og_locale":"tr_TR","og_type":"article","og_title":"FINANCE IN TURKEY","og_description":"Property in Turkey, affordable home or rental income is an excellent choice for buying and selling on behalf of a profitable investment for the future again. confer citizenship Investor $ 250,000 property purchases by Turkey, has become one of the most desirable destination for having a second home.","og_url":"https:\/\/aydemirgroup.com.tr\/tr\/finance-in-turkey\/","og_site_name":"Aydemir Group I Construction &amp; Real Estate","article_publisher":"https:\/\/www.facebook.com\/groupaydemir","article_modified_time":"2023-10-25T14:31:44+00:00","og_image":[{"url":"https:\/\/aydemirgroup.ru\/wp-content\/uploads\/2022\/10\/finans-in-turkey-aydemir-alanya-money-home.jpeg"}],"twitter_card":"summary_large_image","twitter_site":"@groupaydemir","twitter_misc":{"Tahmini okuma s\u00fcresi":"2 dakika"},"schema":{"@context":"https:\/\/schema.org","@graph":[{"@type":"WebPage","@id":"https:\/\/aydemirgroup.com.tr\/finance-in-turkey\/","url":"https:\/\/aydemirgroup.com.tr\/finance-in-turkey\/","name":"Aydemir Group I Construction &amp; Real Estate I Our Projects","isPartOf":{"@id":"https:\/\/aydemirgroup.com.tr\/#website"},"datePublished":"2022-10-12T09:00:57+00:00","dateModified":"2023-10-25T14:31:44+00:00","description":"Property in Turkey, affordable home or rental income is an excellent choice for buying and selling on behalf of a profitable investment for the future again. confer citizenship Investor $ 250,000 property purchases by Turkey, has become one of the most desirable destination for having a second home.","breadcrumb":{"@id":"https:\/\/aydemirgroup.com.tr\/finance-in-turkey\/#breadcrumb"},"inLanguage":"tr","potentialAction":[{"@type":"ReadAction","target":["https:\/\/aydemirgroup.com.tr\/finance-in-turkey\/"]}]},{"@type":"BreadcrumbList","@id":"https:\/\/aydemirgroup.com.tr\/finance-in-turkey\/#breadcrumb","itemListElement":[{"@type":"ListItem","position":1,"name":"Home Page","item":"https:\/\/aydemirgroup.com.tr\/"},{"@type":"ListItem","position":2,"name":"FINANCE IN TURKEY"}]},{"@type":"WebSite","@id":"https:\/\/aydemirgroup.com.tr\/#website","url":"https:\/\/aydemirgroup.com.tr\/","name":"Aydemir Group I Construction &amp; Real Estate","description":"Construction &amp; Real Estate","publisher":{"@id":"https:\/\/aydemirgroup.com.tr\/#organization"},"potentialAction":[{"@type":"SearchAction","target":{"@type":"EntryPoint","urlTemplate":"https:\/\/aydemirgroup.com.tr\/?s={search_term_string}"},"query-input":"required name=search_term_string"}],"inLanguage":"tr"},{"@type":"Organization","@id":"https:\/\/aydemirgroup.com.tr\/#organization","name":"Aydemir Group I Construction &amp; Real Estate","url":"https:\/\/aydemirgroup.com.tr\/","logo":{"@type":"ImageObject","inLanguage":"tr","@id":"https:\/\/aydemirgroup.com.tr\/#\/schema\/logo\/image\/","url":"https:\/\/aydemirgroup.com.tr\/wp-content\/uploads\/2022\/06\/aydemir_group_logo_final_Calisma-Yuzeyi-1.png","contentUrl":"https:\/\/aydemirgroup.com.tr\/wp-content\/uploads\/2022\/06\/aydemir_group_logo_final_Calisma-Yuzeyi-1.png","width":1765,"height":538,"caption":"Aydemir Group I Construction &amp; Real Estate"},"image":{"@id":"https:\/\/aydemirgroup.com.tr\/#\/schema\/logo\/image\/"},"sameAs":["https:\/\/www.facebook.com\/groupaydemir","https:\/\/twitter.com\/groupaydemir","https:\/\/www.instagram.com\/groupaydemir\/","https:\/\/www.youtube.com\/channel\/UCUnkgIe7anmONI03ao1q8-g?view_as=subscriber","http:\/\/www.pinterest.com\/aydemirgroup"]}]}},"_links":{"self":[{"href":"https:\/\/aydemirgroup.com.tr\/tr\/wp-json\/wp\/v2\/pages\/5884"}],"collection":[{"href":"https:\/\/aydemirgroup.com.tr\/tr\/wp-json\/wp\/v2\/pages"}],"about":[{"href":"https:\/\/aydemirgroup.com.tr\/tr\/wp-json\/wp\/v2\/types\/page"}],"author":[{"embeddable":true,"href":"https:\/\/aydemirgroup.com.tr\/tr\/wp-json\/wp\/v2\/users\/1"}],"replies":[{"embeddable":true,"href":"https:\/\/aydemirgroup.com.tr\/tr\/wp-json\/wp\/v2\/comments?post=5884"}],"version-history":[{"count":5,"href":"https:\/\/aydemirgroup.com.tr\/tr\/wp-json\/wp\/v2\/pages\/5884\/revisions"}],"predecessor-version":[{"id":5891,"href":"https:\/\/aydemirgroup.com.tr\/tr\/wp-json\/wp\/v2\/pages\/5884\/revisions\/5891"}],"wp:attachment":[{"href":"https:\/\/aydemirgroup.com.tr\/tr\/wp-json\/wp\/v2\/media?parent=5884"}],"curies":[{"name":"wp","href":"https:\/\/api.w.org\/{rel}","templated":true}]}}