{"id":5909,"date":"2022-10-12T13:04:06","date_gmt":"2022-10-12T10:04:06","guid":{"rendered":"https:\/\/aydemirgroup.ru\/?page_id=5909"},"modified":"2023-10-25T17:35:10","modified_gmt":"2023-10-25T14:35:10","slug":"real-estate-acquisition-in-turkey","status":"publish","type":"page","link":"https:\/\/aydemirgroup.com.tr\/tr\/real-estate-acquisition-in-turkey\/","title":{"rendered":"T\u00dcRK\u0130YE'DE GAYR\u0130MENKUL ED\u0130N\u0130M\u0130"},"content":{"rendered":"<div data-elementor-type=\"wp-page\" data-elementor-id=\"5909\" class=\"elementor elementor-5909\" data-elementor-post-type=\"page\">\n\t\t\t\t\t\t\t\t\t<section class=\"elementor-section elementor-top-section elementor-element elementor-element-f600624 elementor-section-boxed elementor-section-height-default elementor-section-height-default\" data-id=\"f600624\" data-element_type=\"section\">\n\t\t\t\t\t\t<div class=\"elementor-container elementor-column-gap-no\">\n\t\t\t\t\t<div class=\"elementor-column elementor-col-100 elementor-top-column elementor-element elementor-element-67237bd\" data-id=\"67237bd\" data-element_type=\"column\">\n\t\t\t<div class=\"elementor-widget-wrap elementor-element-populated\">\n\t\t\t\t\t\t\t\t<div class=\"elementor-element elementor-element-145e250 elementor-widget elementor-widget-retirio_elementor_heading\" data-id=\"145e250\" data-element_type=\"widget\" data-widget_type=\"retirio_elementor_heading.default\">\n\t\t\t\t<div class=\"elementor-widget-container\">\n\t\t\t\n\t\t<div class=\"ova-title\">\n\n\t\t\t\n\t\t\t\t\t\t\t\t\t\t\t\t\t\t<h2 class=\"title\">\n\t\t\t\t\t\t\t\tREAL ESTATE ACQUISITION IN <span class=\"underline\">TURKEY\n<\/span>\t\t\t\t\t\t\t<\/h2>\n\t\t\t\t\t\t\t\n\t\t\t\t\t\t\t<p class=\"description\"> Foreign Need to Know to Make the desired property in Turkey. Foreigners wishing to acquire real estate in Turkey, there are some things you should know. As Aydemir Group, we have gathered as follows. <\/p>\n\t\t\t\n\t\t<\/div> \n\t\t\t\t<\/div>\n\t\t\t\t<\/div>\n\t\t\t\t<section class=\"elementor-section elementor-inner-section elementor-element elementor-element-a49a26f elementor-section-boxed elementor-section-height-default elementor-section-height-default\" data-id=\"a49a26f\" data-element_type=\"section\">\n\t\t\t\t\t\t<div class=\"elementor-container elementor-column-gap-default\">\n\t\t\t\t\t<div class=\"elementor-column elementor-col-50 elementor-inner-column elementor-element elementor-element-b2f672d\" data-id=\"b2f672d\" data-element_type=\"column\">\n\t\t\t<div class=\"elementor-widget-wrap elementor-element-populated\">\n\t\t\t\t\t\t\t\t<div class=\"elementor-element elementor-element-06d7d2b elementor-widget elementor-widget-spacer\" data-id=\"06d7d2b\" data-element_type=\"widget\" data-widget_type=\"spacer.default\">\n\t\t\t\t<div class=\"elementor-widget-container\">\n\t\t\t<style>\/*! elementor - v3.17.0 - 25-10-2023 *\/\n.elementor-column .elementor-spacer-inner{height:var(--spacer-size)}.e-con{--container-widget-width:100%}.e-con-inner>.elementor-widget-spacer,.e-con>.elementor-widget-spacer{width:var(--container-widget-width,var(--spacer-size));--align-self:var(--container-widget-align-self,initial);--flex-shrink:0}.e-con-inner>.elementor-widget-spacer>.elementor-widget-container,.e-con>.elementor-widget-spacer>.elementor-widget-container{height:100%;width:100%}.e-con-inner>.elementor-widget-spacer>.elementor-widget-container>.elementor-spacer,.e-con>.elementor-widget-spacer>.elementor-widget-container>.elementor-spacer{height:100%}.e-con-inner>.elementor-widget-spacer>.elementor-widget-container>.elementor-spacer>.elementor-spacer-inner,.e-con>.elementor-widget-spacer>.elementor-widget-container>.elementor-spacer>.elementor-spacer-inner{height:var(--container-widget-height,var(--spacer-size))}.e-con-inner>.elementor-widget-spacer.elementor-widget-empty,.e-con>.elementor-widget-spacer.elementor-widget-empty{position:relative;min-height:22px;min-width:22px}.e-con-inner>.elementor-widget-spacer.elementor-widget-empty .elementor-widget-empty-icon,.e-con>.elementor-widget-spacer.elementor-widget-empty .elementor-widget-empty-icon{position:absolute;top:0;bottom:0;left:0;right:0;margin:auto;padding:0;width:22px;height:22px}<\/style>\t\t<div class=\"elementor-spacer\">\n\t\t\t<div class=\"elementor-spacer-inner\"><\/div>\n\t\t<\/div>\n\t\t\t\t<\/div>\n\t\t\t\t<\/div>\n\t\t\t\t<div class=\"elementor-element elementor-element-7b878d5 elementor-widget elementor-widget-image\" data-id=\"7b878d5\" data-element_type=\"widget\" data-widget_type=\"image.default\">\n\t\t\t\t<div class=\"elementor-widget-container\">\n\t\t\t<style>\/*! elementor - v3.17.0 - 25-10-2023 *\/\n.elementor-widget-image{text-align:center}.elementor-widget-image a{display:inline-block}.elementor-widget-image a img[src$=\".svg\"]{width:48px}.elementor-widget-image img{vertical-align:middle;display:inline-block}<\/style>\t\t\t\t\t\t\t\t\t\t\t\t<img decoding=\"async\" loading=\"lazy\" width=\"560\" height=\"390\" src=\"https:\/\/aydemirgroup.com.tr\/wp-content\/uploads\/2022\/10\/REAL-ESTATE-ACQUISITION-IN-TURKEY-aydemir-alanya-home-01.jpeg\" class=\"attachment-large size-large wp-image-5911\" alt=\"\" srcset=\"https:\/\/aydemirgroup.com.tr\/wp-content\/uploads\/2022\/10\/REAL-ESTATE-ACQUISITION-IN-TURKEY-aydemir-alanya-home-01.jpeg 560w, https:\/\/aydemirgroup.com.tr\/wp-content\/uploads\/2022\/10\/REAL-ESTATE-ACQUISITION-IN-TURKEY-aydemir-alanya-home-01-300x209.jpeg 300w\" sizes=\"(max-width: 560px) 100vw, 560px\" \/>\t\t\t\t\t\t\t\t\t\t\t\t\t\t\t<\/div>\n\t\t\t\t<\/div>\n\t\t\t\t\t<\/div>\n\t\t<\/div>\n\t\t\t\t<div class=\"elementor-column elementor-col-50 elementor-inner-column elementor-element elementor-element-964147e\" data-id=\"964147e\" data-element_type=\"column\">\n\t\t\t<div class=\"elementor-widget-wrap elementor-element-populated\">\n\t\t\t\t\t\t\t\t<div class=\"elementor-element elementor-element-dc75d88 elementor-widget elementor-widget-text-editor\" data-id=\"dc75d88\" data-element_type=\"widget\" data-widget_type=\"text-editor.default\">\n\t\t\t\t<div class=\"elementor-widget-container\">\n\t\t\t<style>\/*! elementor - v3.17.0 - 25-10-2023 *\/\n.elementor-widget-text-editor.elementor-drop-cap-view-stacked .elementor-drop-cap{background-color:#69727d;color:#fff}.elementor-widget-text-editor.elementor-drop-cap-view-framed .elementor-drop-cap{color:#69727d;border:3px solid;background-color:transparent}.elementor-widget-text-editor:not(.elementor-drop-cap-view-default) .elementor-drop-cap{margin-top:8px}.elementor-widget-text-editor:not(.elementor-drop-cap-view-default) .elementor-drop-cap-letter{width:1em;height:1em}.elementor-widget-text-editor .elementor-drop-cap{float:left;text-align:center;line-height:1;font-size:50px}.elementor-widget-text-editor .elementor-drop-cap-letter{display:inline-block}<\/style>\t\t\t\t<div class=\"wpb_text_column wpb_content_element\"><div class=\"wpb_wrapper\"><ul><li>Acquisition of property deeds in Turkey is approved only through the records to be made in the land registry offices.<\/li><li>Real estate pre-contracts issued by notaries or made in writing with real persons do not constitute the transfer of real estate by themselves. Preliminary contracts only serve as a commitment to the transfer of ownership, and the subject property does not change hands through such documents.<\/li><li>There may be liabilities such as mortgages, foreclosures and similar types of encumbrances that may prevent the sale on the subject property, and these must be checked before the relevant land registry office is started.<\/li><li>Inquiries regarding immovables can be made online at parselsorgu.tkgm.gov.tr, and information on provinces, districts, neighborhoods \/ villages, plots and parcels can be used to query the property. Thus, basic information about real estate, including its current status, can be accessed online from anywhere in the world. However, the personal information of the owner cannot be reached.<\/li><\/ul><\/div><\/div>\t\t\t\t\t\t<\/div>\n\t\t\t\t<\/div>\n\t\t\t\t\t<\/div>\n\t\t<\/div>\n\t\t\t\t\t\t\t<\/div>\n\t\t<\/section>\n\t\t\t\t<section class=\"elementor-section elementor-inner-section elementor-element elementor-element-71b6acb elementor-section-boxed elementor-section-height-default elementor-section-height-default\" data-id=\"71b6acb\" data-element_type=\"section\">\n\t\t\t\t\t\t<div class=\"elementor-container elementor-column-gap-default\">\n\t\t\t\t\t<div class=\"elementor-column elementor-col-50 elementor-inner-column elementor-element elementor-element-29b71d2\" data-id=\"29b71d2\" data-element_type=\"column\">\n\t\t\t<div class=\"elementor-widget-wrap elementor-element-populated\">\n\t\t\t\t\t\t\t\t<div class=\"elementor-element elementor-element-8e6f9d2 elementor-widget elementor-widget-text-editor\" data-id=\"8e6f9d2\" data-element_type=\"widget\" data-widget_type=\"text-editor.default\">\n\t\t\t\t<div class=\"elementor-widget-container\">\n\t\t\t\t\t\t\t<ul><li>In Turkey, the foreign citizens as a precondition for the acquisition of real estate not required to have a residence permit. In addition, foreigners who buy real estate in Turkey No. 6458 Aliens and short-term renewable residence permits in accordance with International Protection Act.<\/li><li>A natural or legal person who intends to acquire real estate in Turkey should be admitted to the General Directorate of Land Registry and Cadastre with the owner of the immovable. In addition, they can make an appointment without having to visit the directorate offices personally by calling the Alo 181 Call Center, which is available 24 hours a day, or by visiting randevu.tkgm.gov.tr.<\/li><li>On the other hand, Turkish companies with foreign capital must first make an application to the Provincial Planning and Coordination Directorate (IPKM) in the governorship where the real estate is located. After receiving a positive response from IPKM, an application should be made to the Land Registry Directorate. These companies can apply in person, by post or e-mail.<\/li><\/ul>\t\t\t\t\t\t<\/div>\n\t\t\t\t<\/div>\n\t\t\t\t\t<\/div>\n\t\t<\/div>\n\t\t\t\t<div class=\"elementor-column elementor-col-50 elementor-inner-column elementor-element elementor-element-3005a35\" data-id=\"3005a35\" data-element_type=\"column\">\n\t\t\t<div class=\"elementor-widget-wrap elementor-element-populated\">\n\t\t\t\t\t\t\t\t<div class=\"elementor-element elementor-element-698baad elementor-widget elementor-widget-spacer\" data-id=\"698baad\" data-element_type=\"widget\" data-widget_type=\"spacer.default\">\n\t\t\t\t<div class=\"elementor-widget-container\">\n\t\t\t\t\t<div class=\"elementor-spacer\">\n\t\t\t<div class=\"elementor-spacer-inner\"><\/div>\n\t\t<\/div>\n\t\t\t\t<\/div>\n\t\t\t\t<\/div>\n\t\t\t\t<div class=\"elementor-element elementor-element-93d13e3 elementor-widget elementor-widget-image\" data-id=\"93d13e3\" data-element_type=\"widget\" data-widget_type=\"image.default\">\n\t\t\t\t<div class=\"elementor-widget-container\">\n\t\t\t\t\t\t\t\t\t\t\t\t\t\t\t<img decoding=\"async\" loading=\"lazy\" width=\"560\" height=\"390\" src=\"https:\/\/aydemirgroup.com.tr\/wp-content\/uploads\/2022\/10\/REAL-ESTATE-ACQUISITION-IN-TURKEY-aydemir-alanya-home-02.jpeg\" class=\"attachment-large size-large wp-image-5912\" alt=\"\" srcset=\"https:\/\/aydemirgroup.com.tr\/wp-content\/uploads\/2022\/10\/REAL-ESTATE-ACQUISITION-IN-TURKEY-aydemir-alanya-home-02.jpeg 560w, https:\/\/aydemirgroup.com.tr\/wp-content\/uploads\/2022\/10\/REAL-ESTATE-ACQUISITION-IN-TURKEY-aydemir-alanya-home-02-300x209.jpeg 300w\" sizes=\"(max-width: 560px) 100vw, 560px\" \/>\t\t\t\t\t\t\t\t\t\t\t\t\t\t\t<\/div>\n\t\t\t\t<\/div>\n\t\t\t\t<div class=\"elementor-element elementor-element-eb0dc79 elementor-widget elementor-widget-spacer\" data-id=\"eb0dc79\" data-element_type=\"widget\" data-widget_type=\"spacer.default\">\n\t\t\t\t<div class=\"elementor-widget-container\">\n\t\t\t\t\t<div class=\"elementor-spacer\">\n\t\t\t<div class=\"elementor-spacer-inner\"><\/div>\n\t\t<\/div>\n\t\t\t\t<\/div>\n\t\t\t\t<\/div>\n\t\t\t\t\t<\/div>\n\t\t<\/div>\n\t\t\t\t\t\t\t<\/div>\n\t\t<\/section>\n\t\t\t\t\t<\/div>\n\t\t<\/div>\n\t\t\t\t\t\t\t<\/div>\n\t\t<\/section>\n\t\t\t\t\t\t\t<\/div>","protected":false},"excerpt":{"rendered":"<p>REAL ESTATE ACQUISITION IN TURKEY Foreign Need to Know to Make the desired property in Turkey. Foreigners wishing to acquire real estate in Turkey, there are some things you should know. As Aydemir Group, we have gathered as follows. Acquisition of property deeds in Turkey is approved only through the records to be made in [&hellip;]<\/p>","protected":false},"author":1,"featured_media":0,"parent":0,"menu_order":0,"comment_status":"closed","ping_status":"closed","template":"elementor_header_footer","meta":{"footnotes":""},"yoast_head":"<!-- This site is optimized with the Yoast SEO Premium plugin v21.4 (Yoast SEO v21.4) - https:\/\/yoast.com\/wordpress\/plugins\/seo\/ -->\n<title>Aydemir Group I Construction &amp; Real Estate I Our Projects<\/title>\n<meta name=\"description\" content=\"Foreign Need to Know to Make the desired property in Turkey. Foreigners wishing to acquire real estate in Turkey, there are some things you should know.\" \/>\n<meta name=\"robots\" content=\"index, follow, max-snippet:-1, max-image-preview:large, max-video-preview:-1\" \/>\n<link rel=\"canonical\" href=\"https:\/\/aydemirgroup.com.tr\/tr\/real-estate-acquisition-in-turkey\/\" \/>\n<meta property=\"og:locale\" content=\"tr_TR\" \/>\n<meta property=\"og:type\" content=\"article\" \/>\n<meta property=\"og:title\" content=\"REAL ESTATE ACQUISITION IN TURKEY\" \/>\n<meta property=\"og:description\" content=\"Foreign Need to Know to Make the desired property in Turkey. Foreigners wishing to acquire real estate in Turkey, there are some things you should know.\" \/>\n<meta property=\"og:url\" content=\"https:\/\/aydemirgroup.com.tr\/tr\/real-estate-acquisition-in-turkey\/\" \/>\n<meta property=\"og:site_name\" content=\"Aydemir Group I Construction &amp; Real Estate\" \/>\n<meta property=\"article:publisher\" content=\"https:\/\/www.facebook.com\/groupaydemir\" \/>\n<meta property=\"article:modified_time\" content=\"2023-10-25T14:35:10+00:00\" \/>\n<meta property=\"og:image\" content=\"https:\/\/aydemirgroup.ru\/wp-content\/uploads\/2022\/10\/REAL-ESTATE-ACQUISITION-IN-TURKEY-aydemir-alanya-home-01.jpeg\" \/>\n<meta name=\"twitter:card\" content=\"summary_large_image\" \/>\n<meta name=\"twitter:site\" content=\"@groupaydemir\" \/>\n<meta name=\"twitter:label1\" content=\"Tahmini okuma s\u00fcresi\" \/>\n\t<meta name=\"twitter:data1\" content=\"2 dakika\" \/>\n<script type=\"application\/ld+json\" class=\"yoast-schema-graph\">{\"@context\":\"https:\/\/schema.org\",\"@graph\":[{\"@type\":\"WebPage\",\"@id\":\"https:\/\/aydemirgroup.com.tr\/real-estate-acquisition-in-turkey\/\",\"url\":\"https:\/\/aydemirgroup.com.tr\/real-estate-acquisition-in-turkey\/\",\"name\":\"Aydemir Group I Construction &amp; Real Estate I Our Projects\",\"isPartOf\":{\"@id\":\"https:\/\/aydemirgroup.com.tr\/#website\"},\"datePublished\":\"2022-10-12T10:04:06+00:00\",\"dateModified\":\"2023-10-25T14:35:10+00:00\",\"description\":\"Foreign Need to Know to Make the desired property in Turkey. Foreigners wishing to acquire real estate in Turkey, there are some things you should know.\",\"breadcrumb\":{\"@id\":\"https:\/\/aydemirgroup.com.tr\/real-estate-acquisition-in-turkey\/#breadcrumb\"},\"inLanguage\":\"tr\",\"potentialAction\":[{\"@type\":\"ReadAction\",\"target\":[\"https:\/\/aydemirgroup.com.tr\/real-estate-acquisition-in-turkey\/\"]}]},{\"@type\":\"BreadcrumbList\",\"@id\":\"https:\/\/aydemirgroup.com.tr\/real-estate-acquisition-in-turkey\/#breadcrumb\",\"itemListElement\":[{\"@type\":\"ListItem\",\"position\":1,\"name\":\"Home Page\",\"item\":\"https:\/\/aydemirgroup.com.tr\/\"},{\"@type\":\"ListItem\",\"position\":2,\"name\":\"REAL ESTATE ACQUISITION IN TURKEY\"}]},{\"@type\":\"WebSite\",\"@id\":\"https:\/\/aydemirgroup.com.tr\/#website\",\"url\":\"https:\/\/aydemirgroup.com.tr\/\",\"name\":\"Aydemir Group I Construction &amp; Real Estate\",\"description\":\"Construction &amp; Real Estate\",\"publisher\":{\"@id\":\"https:\/\/aydemirgroup.com.tr\/#organization\"},\"potentialAction\":[{\"@type\":\"SearchAction\",\"target\":{\"@type\":\"EntryPoint\",\"urlTemplate\":\"https:\/\/aydemirgroup.com.tr\/?s={search_term_string}\"},\"query-input\":\"required name=search_term_string\"}],\"inLanguage\":\"tr\"},{\"@type\":\"Organization\",\"@id\":\"https:\/\/aydemirgroup.com.tr\/#organization\",\"name\":\"Aydemir Group I Construction &amp; Real Estate\",\"url\":\"https:\/\/aydemirgroup.com.tr\/\",\"logo\":{\"@type\":\"ImageObject\",\"inLanguage\":\"tr\",\"@id\":\"https:\/\/aydemirgroup.com.tr\/#\/schema\/logo\/image\/\",\"url\":\"https:\/\/aydemirgroup.com.tr\/wp-content\/uploads\/2022\/06\/aydemir_group_logo_final_Calisma-Yuzeyi-1.png\",\"contentUrl\":\"https:\/\/aydemirgroup.com.tr\/wp-content\/uploads\/2022\/06\/aydemir_group_logo_final_Calisma-Yuzeyi-1.png\",\"width\":1765,\"height\":538,\"caption\":\"Aydemir Group I Construction &amp; Real Estate\"},\"image\":{\"@id\":\"https:\/\/aydemirgroup.com.tr\/#\/schema\/logo\/image\/\"},\"sameAs\":[\"https:\/\/www.facebook.com\/groupaydemir\",\"https:\/\/twitter.com\/groupaydemir\",\"https:\/\/www.instagram.com\/groupaydemir\/\",\"https:\/\/www.youtube.com\/channel\/UCUnkgIe7anmONI03ao1q8-g?view_as=subscriber\",\"http:\/\/www.pinterest.com\/aydemirgroup\"]}]}<\/script>\n<!-- \/ Yoast SEO Premium plugin. -->","yoast_head_json":{"title":"Aydemir Group I Construction &amp; Real Estate I Our Projects","description":"Foreign Need to Know to Make the desired property in Turkey. Foreigners wishing to acquire real estate in Turkey, there are some things you should know.","robots":{"index":"index","follow":"follow","max-snippet":"max-snippet:-1","max-image-preview":"max-image-preview:large","max-video-preview":"max-video-preview:-1"},"canonical":"https:\/\/aydemirgroup.com.tr\/tr\/real-estate-acquisition-in-turkey\/","og_locale":"tr_TR","og_type":"article","og_title":"REAL ESTATE ACQUISITION IN TURKEY","og_description":"Foreign Need to Know to Make the desired property in Turkey. Foreigners wishing to acquire real estate in Turkey, there are some things you should know.","og_url":"https:\/\/aydemirgroup.com.tr\/tr\/real-estate-acquisition-in-turkey\/","og_site_name":"Aydemir Group I Construction &amp; Real Estate","article_publisher":"https:\/\/www.facebook.com\/groupaydemir","article_modified_time":"2023-10-25T14:35:10+00:00","og_image":[{"url":"https:\/\/aydemirgroup.ru\/wp-content\/uploads\/2022\/10\/REAL-ESTATE-ACQUISITION-IN-TURKEY-aydemir-alanya-home-01.jpeg"}],"twitter_card":"summary_large_image","twitter_site":"@groupaydemir","twitter_misc":{"Tahmini okuma s\u00fcresi":"2 dakika"},"schema":{"@context":"https:\/\/schema.org","@graph":[{"@type":"WebPage","@id":"https:\/\/aydemirgroup.com.tr\/real-estate-acquisition-in-turkey\/","url":"https:\/\/aydemirgroup.com.tr\/real-estate-acquisition-in-turkey\/","name":"Aydemir Group I Construction &amp; Real Estate I Our Projects","isPartOf":{"@id":"https:\/\/aydemirgroup.com.tr\/#website"},"datePublished":"2022-10-12T10:04:06+00:00","dateModified":"2023-10-25T14:35:10+00:00","description":"Foreign Need to Know to Make the desired property in Turkey. Foreigners wishing to acquire real estate in Turkey, there are some things you should know.","breadcrumb":{"@id":"https:\/\/aydemirgroup.com.tr\/real-estate-acquisition-in-turkey\/#breadcrumb"},"inLanguage":"tr","potentialAction":[{"@type":"ReadAction","target":["https:\/\/aydemirgroup.com.tr\/real-estate-acquisition-in-turkey\/"]}]},{"@type":"BreadcrumbList","@id":"https:\/\/aydemirgroup.com.tr\/real-estate-acquisition-in-turkey\/#breadcrumb","itemListElement":[{"@type":"ListItem","position":1,"name":"Home Page","item":"https:\/\/aydemirgroup.com.tr\/"},{"@type":"ListItem","position":2,"name":"REAL ESTATE ACQUISITION IN TURKEY"}]},{"@type":"WebSite","@id":"https:\/\/aydemirgroup.com.tr\/#website","url":"https:\/\/aydemirgroup.com.tr\/","name":"Aydemir Group I Construction &amp; Real Estate","description":"Construction &amp; Real Estate","publisher":{"@id":"https:\/\/aydemirgroup.com.tr\/#organization"},"potentialAction":[{"@type":"SearchAction","target":{"@type":"EntryPoint","urlTemplate":"https:\/\/aydemirgroup.com.tr\/?s={search_term_string}"},"query-input":"required name=search_term_string"}],"inLanguage":"tr"},{"@type":"Organization","@id":"https:\/\/aydemirgroup.com.tr\/#organization","name":"Aydemir Group I Construction &amp; Real Estate","url":"https:\/\/aydemirgroup.com.tr\/","logo":{"@type":"ImageObject","inLanguage":"tr","@id":"https:\/\/aydemirgroup.com.tr\/#\/schema\/logo\/image\/","url":"https:\/\/aydemirgroup.com.tr\/wp-content\/uploads\/2022\/06\/aydemir_group_logo_final_Calisma-Yuzeyi-1.png","contentUrl":"https:\/\/aydemirgroup.com.tr\/wp-content\/uploads\/2022\/06\/aydemir_group_logo_final_Calisma-Yuzeyi-1.png","width":1765,"height":538,"caption":"Aydemir Group I Construction &amp; Real Estate"},"image":{"@id":"https:\/\/aydemirgroup.com.tr\/#\/schema\/logo\/image\/"},"sameAs":["https:\/\/www.facebook.com\/groupaydemir","https:\/\/twitter.com\/groupaydemir","https:\/\/www.instagram.com\/groupaydemir\/","https:\/\/www.youtube.com\/channel\/UCUnkgIe7anmONI03ao1q8-g?view_as=subscriber","http:\/\/www.pinterest.com\/aydemirgroup"]}]}},"_links":{"self":[{"href":"https:\/\/aydemirgroup.com.tr\/tr\/wp-json\/wp\/v2\/pages\/5909"}],"collection":[{"href":"https:\/\/aydemirgroup.com.tr\/tr\/wp-json\/wp\/v2\/pages"}],"about":[{"href":"https:\/\/aydemirgroup.com.tr\/tr\/wp-json\/wp\/v2\/types\/page"}],"author":[{"embeddable":true,"href":"https:\/\/aydemirgroup.com.tr\/tr\/wp-json\/wp\/v2\/users\/1"}],"replies":[{"embeddable":true,"href":"https:\/\/aydemirgroup.com.tr\/tr\/wp-json\/wp\/v2\/comments?post=5909"}],"version-history":[{"count":5,"href":"https:\/\/aydemirgroup.com.tr\/tr\/wp-json\/wp\/v2\/pages\/5909\/revisions"}],"predecessor-version":[{"id":9467,"href":"https:\/\/aydemirgroup.com.tr\/tr\/wp-json\/wp\/v2\/pages\/5909\/revisions\/9467"}],"wp:attachment":[{"href":"https:\/\/aydemirgroup.com.tr\/tr\/wp-json\/wp\/v2\/media?parent=5909"}],"curies":[{"name":"wp","href":"https:\/\/api.w.org\/{rel}","templated":true}]}}