{"id":6356,"date":"2022-11-19T11:13:29","date_gmt":"2022-11-19T08:13:29","guid":{"rendered":"https:\/\/aydemirgroup.com.tr\/?page_id=6356"},"modified":"2022-11-21T12:22:07","modified_gmt":"2022-11-21T09:22:07","slug":"the-presidents-message","status":"publish","type":"page","link":"https:\/\/aydemirgroup.com.tr\/tr\/the-presidents-message\/","title":{"rendered":"BA\u015eKANIN MESAJI"},"content":{"rendered":"<div data-elementor-type=\"wp-page\" data-elementor-id=\"6356\" class=\"elementor elementor-6356\" data-elementor-post-type=\"page\">\n\t\t\t\t\t\t\t\t\t<section class=\"elementor-section elementor-top-section elementor-element elementor-element-013ca3e elementor-section-boxed elementor-section-height-default elementor-section-height-default\" data-id=\"013ca3e\" data-element_type=\"section\" data-settings=\"{&quot;background_background&quot;:&quot;classic&quot;}\">\n\t\t\t\t\t\t<div class=\"elementor-container elementor-column-gap-no\">\n\t\t\t\t\t<div class=\"elementor-column elementor-col-100 elementor-top-column elementor-element elementor-element-1829eb5 elementor-invisible\" data-id=\"1829eb5\" data-element_type=\"column\" data-settings=\"{&quot;animation&quot;:&quot;ova-move-left&quot;,&quot;animation_tablet&quot;:&quot;none&quot;}\">\n\t\t\t<div class=\"elementor-widget-wrap elementor-element-populated\">\n\t\t\t\t\t\t\t\t<section class=\"elementor-section elementor-inner-section elementor-element elementor-element-560df3b elementor-section-boxed elementor-section-height-default elementor-section-height-default\" data-id=\"560df3b\" data-element_type=\"section\">\n\t\t\t\t\t\t<div class=\"elementor-container elementor-column-gap-default\">\n\t\t\t\t\t<div class=\"elementor-column elementor-col-50 elementor-inner-column elementor-element elementor-element-d47bce5\" data-id=\"d47bce5\" data-element_type=\"column\">\n\t\t\t<div class=\"elementor-widget-wrap elementor-element-populated\">\n\t\t\t\t\t\t\t\t<div class=\"elementor-element elementor-element-56708b8 elementor-widget elementor-widget-retirio_elementor_image\" data-id=\"56708b8\" data-element_type=\"widget\" data-widget_type=\"retirio_elementor_image.default\">\n\t\t\t\t<div class=\"elementor-widget-container\">\n\t\t\t\t\t \n\t\t\n\t\t\n\t\t   \t<div class=\"ova-img template2\">\n\t\t   \t\t<img decoding=\"async\" src=\"https:\/\/aydemirgroup.com.tr\/wp-content\/uploads\/2022\/09\/Umit-Aydemir.jpg\" alt=\"Umit Aydemir\">\n\t\t\t\t\n\t\t\t\t\n\t\t\t\t\t\t\t\t\t<div class=\"line line-left\"><\/div>\n\t\t\t\t\n\t\t\t\t\t\t\t\t\t<div class=\"line-left text\">\n\t\t\t\t\t\t<h2>AYDEM\u0130RGROUP<\/h2>\n\t\t\t\t\t<\/div>\n\t\t\t\t\t\t\t<\/div>\n\n\t\t\t\t<\/div>\n\t\t\t\t<\/div>\n\t\t\t\t\t<\/div>\n\t\t<\/div>\n\t\t\t\t<div class=\"elementor-column elementor-col-50 elementor-inner-column elementor-element elementor-element-c7921ed\" data-id=\"c7921ed\" data-element_type=\"column\">\n\t\t\t<div class=\"elementor-widget-wrap elementor-element-populated\">\n\t\t\t\t\t\t\t\t<div class=\"elementor-element elementor-element-95b9270 elementor-widget elementor-widget-retirio_elementor_heading\" data-id=\"95b9270\" data-element_type=\"widget\" data-widget_type=\"retirio_elementor_heading.default\">\n\t\t\t\t<div class=\"elementor-widget-container\">\n\t\t\t\n\t\t<div class=\"ova-title\">\n\n\t\t\t\t\t\t\t<h3 class=\"sub-title\">B\u0130Z\u0130 TANIYIN<\/h3>\n\t\t\t\n\t\t\t\t\t\t\t\t\t\t\t\t\t\t<h2 class=\"title\">\n\t\t\t\t\t\t\t\tAydemir Group \t\t\t\t\t\t\t<\/h2>\n\t\t\t\t\t\t\t\n\t\t\t\n\t\t<\/div> \n\t\t\t\t<\/div>\n\t\t\t\t<\/div>\n\t\t\t\t<div class=\"elementor-element elementor-element-060766a elementor-widget elementor-widget-text-editor\" data-id=\"060766a\" data-element_type=\"widget\" data-widget_type=\"text-editor.default\">\n\t\t\t\t<div class=\"elementor-widget-container\">\n\t\t\t<style>\/*! elementor - v3.17.0 - 25-10-2023 *\/\n.elementor-widget-text-editor.elementor-drop-cap-view-stacked .elementor-drop-cap{background-color:#69727d;color:#fff}.elementor-widget-text-editor.elementor-drop-cap-view-framed .elementor-drop-cap{color:#69727d;border:3px solid;background-color:transparent}.elementor-widget-text-editor:not(.elementor-drop-cap-view-default) .elementor-drop-cap{margin-top:8px}.elementor-widget-text-editor:not(.elementor-drop-cap-view-default) .elementor-drop-cap-letter{width:1em;height:1em}.elementor-widget-text-editor .elementor-drop-cap{float:left;text-align:center;line-height:1;font-size:50px}.elementor-widget-text-editor .elementor-drop-cap-letter{display:inline-block}<\/style>\t\t\t\t<p>Aydemir Grubu, merkezi \u0130ngiltere'de bulunan Alanya'da faaliyet g\u00f6steren bir \u015firket olarak varl\u0131\u011f\u0131n\u0131 s\u00fcrd\u00fcrmektedir. \u015eirketimizi kurarken projelerimiz i\u00e7in kaliteli malzeme ile g\u00fcvenilir in\u015faat yap\u0131lar\u0131 in\u015fa etmeyi ve m\u00fc\u015fteri ba\u011fl\u0131l\u0131\u011f\u0131n\u0131 s\u00fcrd\u00fcrmeyi \u00f6ncelikli hedeflerimiz olarak belirledim. Gen\u00e7 ve dinamik ekibimizle in\u015faat sekt\u00f6r\u00fcnde \u00e7a\u011f\u0131 yakalayan g\u00fcvenilir projelere imza at\u0131yoruz. Aydemir Grubu kuruldu\u011fu g\u00fcnden bu yana m\u00fc\u015fteri ba\u011fl\u0131l\u0131\u011f\u0131 ve g\u00fcvenilir yap\u0131 yap\u0131lar\u0131yla pazarda yeni ticari ba\u015far\u0131lara do\u011fru emin ad\u0131mlarla ilerliyor. Gen\u00e7 ve yarat\u0131c\u0131 ekibimle ticari alanda farkl\u0131 ve g\u00fcvenilir yeni faaliyetlere imza atmay\u0131 sab\u0131rs\u0131zl\u0131kla bekliyoruz.<\/p>\t\t\t\t\t\t<\/div>\n\t\t\t\t<\/div>\n\t\t\t\t<div class=\"elementor-element elementor-element-2a9069f elementor-widget elementor-widget-heading\" data-id=\"2a9069f\" data-element_type=\"widget\" data-widget_type=\"heading.default\">\n\t\t\t\t<div class=\"elementor-widget-container\">\n\t\t\t<style>\/*! elementor - v3.17.0 - 25-10-2023 *\/\n.elementor-heading-title{padding:0;margin:0;line-height:1}.elementor-widget-heading .elementor-heading-title[class*=elementor-size-]>a{color:inherit;font-size:inherit;line-height:inherit}.elementor-widget-heading .elementor-heading-title.elementor-size-small{font-size:15px}.elementor-widget-heading .elementor-heading-title.elementor-size-medium{font-size:19px}.elementor-widget-heading .elementor-heading-title.elementor-size-large{font-size:29px}.elementor-widget-heading .elementor-heading-title.elementor-size-xl{font-size:39px}.elementor-widget-heading .elementor-heading-title.elementor-size-xxl{font-size:59px}<\/style><h3 class=\"elementor-heading-title elementor-size-default\">\u00dcmit AYDEM\u0130R<\/h3>\t\t<\/div>\n\t\t\t\t<\/div>\n\t\t\t\t<div class=\"elementor-element elementor-element-66038ff elementor-widget elementor-widget-text-editor\" data-id=\"66038ff\" data-element_type=\"widget\" data-widget_type=\"text-editor.default\">\n\t\t\t\t<div class=\"elementor-widget-container\">\n\t\t\t\t\t\t\t<p>Aydemir Grubu Y\u00f6netim Kurulu Ba\u015fkan\u0131 \u00a0<\/p>\t\t\t\t\t\t<\/div>\n\t\t\t\t<\/div>\n\t\t\t\t\t<\/div>\n\t\t<\/div>\n\t\t\t\t\t\t\t<\/div>\n\t\t<\/section>\n\t\t\t\t\t<\/div>\n\t\t<\/div>\n\t\t\t\t\t\t\t<\/div>\n\t\t<\/section>\n\t\t\t\t\t\t\t<\/div>","protected":false},"excerpt":{"rendered":"<p>AYDEM\u0130RGROUP Get to know us Aydemir Group Aydemir Group continues its existence as a company operating in Alanya, headquartered in England.\u00a0 While establishing our company, I set as our primary goals to build reliable construction structures with quality materials for our projects and to maintain customer loyalty.\u00a0 With our young and dynamic team, we are [&hellip;]<\/p>","protected":false},"author":1,"featured_media":5963,"parent":0,"menu_order":0,"comment_status":"closed","ping_status":"closed","template":"elementor_header_footer","meta":{"footnotes":""},"yoast_head":"<!-- This site is optimized with the Yoast SEO Premium plugin v21.4 (Yoast SEO v21.4) - https:\/\/yoast.com\/wordpress\/plugins\/seo\/ -->\n<title>THE PRES\u0130DENT\u2019S MESSAGE | Aydemir Group I Construction &amp; Real Estate<\/title>\n<meta name=\"description\" content=\"Aydemir Group The President\u2019s Message\" \/>\n<meta name=\"robots\" content=\"index, follow, max-snippet:-1, max-image-preview:large, max-video-preview:-1\" \/>\n<link rel=\"canonical\" href=\"https:\/\/aydemirgroup.com.tr\/tr\/the-presidents-message\/\" \/>\n<meta property=\"og:locale\" content=\"tr_TR\" \/>\n<meta property=\"og:type\" content=\"article\" \/>\n<meta property=\"og:title\" content=\"THE PRES\u0130DENT\u2019S MESSAGE\" \/>\n<meta property=\"og:description\" content=\"Aydemir Group The President\u2019s Message\" \/>\n<meta property=\"og:url\" content=\"https:\/\/aydemirgroup.com.tr\/tr\/the-presidents-message\/\" \/>\n<meta property=\"og:site_name\" content=\"Aydemir Group I Construction &amp; Real Estate\" \/>\n<meta property=\"article:publisher\" content=\"https:\/\/www.facebook.com\/groupaydemir\" \/>\n<meta property=\"article:modified_time\" content=\"2022-11-21T09:22:07+00:00\" \/>\n<meta property=\"og:image\" content=\"https:\/\/aydemirgroup.com.tr\/wp-content\/uploads\/2022\/09\/Umit-Aydemir.jpg\" \/>\n\t<meta property=\"og:image:width\" content=\"2000\" \/>\n\t<meta property=\"og:image:height\" content=\"2000\" \/>\n\t<meta property=\"og:image:type\" content=\"image\/jpeg\" \/>\n<meta name=\"twitter:card\" content=\"summary_large_image\" \/>\n<meta name=\"twitter:site\" content=\"@groupaydemir\" \/>\n<meta name=\"twitter:label1\" content=\"Tahmini okuma s\u00fcresi\" \/>\n\t<meta name=\"twitter:data1\" content=\"1 dakika\" \/>\n<script type=\"application\/ld+json\" class=\"yoast-schema-graph\">{\"@context\":\"https:\/\/schema.org\",\"@graph\":[{\"@type\":\"WebPage\",\"@id\":\"https:\/\/aydemirgroup.com.tr\/the-presidents-message\/\",\"url\":\"https:\/\/aydemirgroup.com.tr\/the-presidents-message\/\",\"name\":\"THE PRES\u0130DENT\u2019S MESSAGE | Aydemir Group I Construction &amp; Real Estate\",\"isPartOf\":{\"@id\":\"https:\/\/aydemirgroup.com.tr\/#website\"},\"datePublished\":\"2022-11-19T08:13:29+00:00\",\"dateModified\":\"2022-11-21T09:22:07+00:00\",\"description\":\"Aydemir Group The President\u2019s Message\",\"breadcrumb\":{\"@id\":\"https:\/\/aydemirgroup.com.tr\/the-presidents-message\/#breadcrumb\"},\"inLanguage\":\"tr\",\"potentialAction\":[{\"@type\":\"ReadAction\",\"target\":[\"https:\/\/aydemirgroup.com.tr\/the-presidents-message\/\"]}]},{\"@type\":\"BreadcrumbList\",\"@id\":\"https:\/\/aydemirgroup.com.tr\/the-presidents-message\/#breadcrumb\",\"itemListElement\":[{\"@type\":\"ListItem\",\"position\":1,\"name\":\"Home Page\",\"item\":\"https:\/\/aydemirgroup.com.tr\/\"},{\"@type\":\"ListItem\",\"position\":2,\"name\":\"THE PRES\u0130DENT\u2019S MESSAGE\"}]},{\"@type\":\"WebSite\",\"@id\":\"https:\/\/aydemirgroup.com.tr\/#website\",\"url\":\"https:\/\/aydemirgroup.com.tr\/\",\"name\":\"Aydemir Group I Construction &amp; Real Estate\",\"description\":\"Construction &amp; Real Estate\",\"publisher\":{\"@id\":\"https:\/\/aydemirgroup.com.tr\/#organization\"},\"potentialAction\":[{\"@type\":\"SearchAction\",\"target\":{\"@type\":\"EntryPoint\",\"urlTemplate\":\"https:\/\/aydemirgroup.com.tr\/?s={search_term_string}\"},\"query-input\":\"required name=search_term_string\"}],\"inLanguage\":\"tr\"},{\"@type\":\"Organization\",\"@id\":\"https:\/\/aydemirgroup.com.tr\/#organization\",\"name\":\"Aydemir Group I Construction &amp; Real Estate\",\"url\":\"https:\/\/aydemirgroup.com.tr\/\",\"logo\":{\"@type\":\"ImageObject\",\"inLanguage\":\"tr\",\"@id\":\"https:\/\/aydemirgroup.com.tr\/#\/schema\/logo\/image\/\",\"url\":\"https:\/\/aydemirgroup.com.tr\/wp-content\/uploads\/2022\/06\/aydemir_group_logo_final_Calisma-Yuzeyi-1.png\",\"contentUrl\":\"https:\/\/aydemirgroup.com.tr\/wp-content\/uploads\/2022\/06\/aydemir_group_logo_final_Calisma-Yuzeyi-1.png\",\"width\":1765,\"height\":538,\"caption\":\"Aydemir Group I Construction &amp; Real Estate\"},\"image\":{\"@id\":\"https:\/\/aydemirgroup.com.tr\/#\/schema\/logo\/image\/\"},\"sameAs\":[\"https:\/\/www.facebook.com\/groupaydemir\",\"https:\/\/twitter.com\/groupaydemir\",\"https:\/\/www.instagram.com\/groupaydemir\/\",\"https:\/\/www.youtube.com\/channel\/UCUnkgIe7anmONI03ao1q8-g?view_as=subscriber\",\"http:\/\/www.pinterest.com\/aydemirgroup\"]}]}<\/script>\n<!-- \/ Yoast SEO Premium plugin. -->","yoast_head_json":{"title":"THE PRES\u0130DENT\u2019S MESSAGE | Aydemir Group I Construction &amp; Real Estate","description":"Aydemir Group The President\u2019s Message","robots":{"index":"index","follow":"follow","max-snippet":"max-snippet:-1","max-image-preview":"max-image-preview:large","max-video-preview":"max-video-preview:-1"},"canonical":"https:\/\/aydemirgroup.com.tr\/tr\/the-presidents-message\/","og_locale":"tr_TR","og_type":"article","og_title":"THE PRES\u0130DENT\u2019S MESSAGE","og_description":"Aydemir Group The President\u2019s Message","og_url":"https:\/\/aydemirgroup.com.tr\/tr\/the-presidents-message\/","og_site_name":"Aydemir Group I Construction &amp; Real Estate","article_publisher":"https:\/\/www.facebook.com\/groupaydemir","article_modified_time":"2022-11-21T09:22:07+00:00","og_image":[{"width":2000,"height":2000,"url":"https:\/\/aydemirgroup.com.tr\/wp-content\/uploads\/2022\/09\/Umit-Aydemir.jpg","type":"image\/jpeg"}],"twitter_card":"summary_large_image","twitter_site":"@groupaydemir","twitter_misc":{"Tahmini okuma s\u00fcresi":"1 dakika"},"schema":{"@context":"https:\/\/schema.org","@graph":[{"@type":"WebPage","@id":"https:\/\/aydemirgroup.com.tr\/the-presidents-message\/","url":"https:\/\/aydemirgroup.com.tr\/the-presidents-message\/","name":"THE PRES\u0130DENT\u2019S MESSAGE | Aydemir Group I Construction &amp; Real Estate","isPartOf":{"@id":"https:\/\/aydemirgroup.com.tr\/#website"},"datePublished":"2022-11-19T08:13:29+00:00","dateModified":"2022-11-21T09:22:07+00:00","description":"Aydemir Group The President\u2019s Message","breadcrumb":{"@id":"https:\/\/aydemirgroup.com.tr\/the-presidents-message\/#breadcrumb"},"inLanguage":"tr","potentialAction":[{"@type":"ReadAction","target":["https:\/\/aydemirgroup.com.tr\/the-presidents-message\/"]}]},{"@type":"BreadcrumbList","@id":"https:\/\/aydemirgroup.com.tr\/the-presidents-message\/#breadcrumb","itemListElement":[{"@type":"ListItem","position":1,"name":"Home Page","item":"https:\/\/aydemirgroup.com.tr\/"},{"@type":"ListItem","position":2,"name":"THE PRES\u0130DENT\u2019S MESSAGE"}]},{"@type":"WebSite","@id":"https:\/\/aydemirgroup.com.tr\/#website","url":"https:\/\/aydemirgroup.com.tr\/","name":"Aydemir Group I Construction &amp; Real Estate","description":"Construction &amp; Real Estate","publisher":{"@id":"https:\/\/aydemirgroup.com.tr\/#organization"},"potentialAction":[{"@type":"SearchAction","target":{"@type":"EntryPoint","urlTemplate":"https:\/\/aydemirgroup.com.tr\/?s={search_term_string}"},"query-input":"required name=search_term_string"}],"inLanguage":"tr"},{"@type":"Organization","@id":"https:\/\/aydemirgroup.com.tr\/#organization","name":"Aydemir Group I Construction &amp; Real Estate","url":"https:\/\/aydemirgroup.com.tr\/","logo":{"@type":"ImageObject","inLanguage":"tr","@id":"https:\/\/aydemirgroup.com.tr\/#\/schema\/logo\/image\/","url":"https:\/\/aydemirgroup.com.tr\/wp-content\/uploads\/2022\/06\/aydemir_group_logo_final_Calisma-Yuzeyi-1.png","contentUrl":"https:\/\/aydemirgroup.com.tr\/wp-content\/uploads\/2022\/06\/aydemir_group_logo_final_Calisma-Yuzeyi-1.png","width":1765,"height":538,"caption":"Aydemir Group I Construction &amp; Real Estate"},"image":{"@id":"https:\/\/aydemirgroup.com.tr\/#\/schema\/logo\/image\/"},"sameAs":["https:\/\/www.facebook.com\/groupaydemir","https:\/\/twitter.com\/groupaydemir","https:\/\/www.instagram.com\/groupaydemir\/","https:\/\/www.youtube.com\/channel\/UCUnkgIe7anmONI03ao1q8-g?view_as=subscriber","http:\/\/www.pinterest.com\/aydemirgroup"]}]}},"_links":{"self":[{"href":"https:\/\/aydemirgroup.com.tr\/tr\/wp-json\/wp\/v2\/pages\/6356"}],"collection":[{"href":"https:\/\/aydemirgroup.com.tr\/tr\/wp-json\/wp\/v2\/pages"}],"about":[{"href":"https:\/\/aydemirgroup.com.tr\/tr\/wp-json\/wp\/v2\/types\/page"}],"author":[{"embeddable":true,"href":"https:\/\/aydemirgroup.com.tr\/tr\/wp-json\/wp\/v2\/users\/1"}],"replies":[{"embeddable":true,"href":"https:\/\/aydemirgroup.com.tr\/tr\/wp-json\/wp\/v2\/comments?post=6356"}],"version-history":[{"count":21,"href":"https:\/\/aydemirgroup.com.tr\/tr\/wp-json\/wp\/v2\/pages\/6356\/revisions"}],"predecessor-version":[{"id":6522,"href":"https:\/\/aydemirgroup.com.tr\/tr\/wp-json\/wp\/v2\/pages\/6356\/revisions\/6522"}],"wp:featuredmedia":[{"embeddable":true,"href":"https:\/\/aydemirgroup.com.tr\/tr\/wp-json\/wp\/v2\/media\/5963"}],"wp:attachment":[{"href":"https:\/\/aydemirgroup.com.tr\/tr\/wp-json\/wp\/v2\/media?parent=6356"}],"curies":[{"name":"wp","href":"https:\/\/api.w.org\/{rel}","templated":true}]}}